









{"id":104,"date":"2014-09-02T16:08:11","date_gmt":"2014-09-02T14:08:11","guid":{"rendered":"http:\/\/www.peoplesphere.be\/wp\/?page_id=104"},"modified":"2016-02-17T13:31:18","modified_gmt":"2016-02-17T11:31:18","slug":"behappyday","status":"publish","type":"page","link":"https:\/\/peoplesphere.be\/fr\/behappyday\/","title":{"rendered":"Be Happy Day"},"content":{"rendered":"<p>Depuis 2013 et le d\u00e9cret de l\u2019Organisation des Nations Unies, le 20 mars est la Journ\u00e9e Internationale du Bonheur.<br \/>\nL\u2019occasion id\u00e9ale de consacrer toute notre attention au bonheur au travail qui est devenu depuis lors un des th\u00e8mes de r\u00e9flexion majeurs des dirigeants et consultants \u00e0 la recherche de nouveaux leviers de performance durables.<!--more--><\/p>\n<p>C\u2019est pourquoi <strong>Laurence Vanhee<\/strong> (Chief Happiness Officer &#8211; <em>Happyformance<\/em>) et <strong>Jean-Paul Erhard<\/strong> (CEO &#8211; <em>Peoplesphere<\/em>) ont cr\u00e9\u00e9 d\u00e8s le 20 mars 2013 la premi\u00e8re journ\u00e9e du bonheur au travail et r\u00e9uni plus de 120 entreprises \u00e0 Val Duchesse afin de partager leur vision en la mati\u00e8re. Le BE Happy Day<span class=\"copyright\">\u00a9<\/span> \u00e9tait n\u00e9!<\/p>\n<p>La troisi\u00e8me \u00e9dition s\u2019est tenue le 20 mars dernier \u00e0 l\u2019occasion d\u2019une projection priv\u00e9e du film \u00ab\u00a0Le Bonheur au Travail\u00a0\u00bb r\u00e9alis\u00e9 par Martin Meissonier qui est parti \u00e0 la rencontre des entreprises et leaders impliqu\u00e9s dans la recherche du graal professionnel.<\/p>\n<p>Depuis lors, la communaut\u00e9 des Happy Organisations<span class=\"copyright\">\u00a9<\/span> se retrouve r\u00e9guli\u00e8rement \u00e0 l\u2019occasion des Happy Lunches<span class=\"copyright\">\u00a9<\/span> qui se tiennent en Belgique et au Grand-Duch\u00e9 de Luxembourg.<br \/>\nVous souhaitez en savoir davantage et rejoindre prochainement les rangs des Happy Organisations<span class=\"copyright\">\u00a9<\/span> ?<\/p>\n<p><a class=\"more-link\" href=\"http:\/\/www.happinessday.be\/\" target=\"_blank\">www.happinessday.be<\/a><\/p>\n<p><a href=\"http:\/\/www.happyorganisations.fr\/\"><img decoding=\"async\" loading=\"lazy\" class=\"photo\" src=\"https:\/\/peoplesphere.be\/fr\/wp-content\/uploads\/2016\/02\/Savethedate.png\" alt=\"Happy Day 17 march 2016\" width=\"1233\" height=\"1751\" class=\"alignleft size-full wp-image-2499\" srcset=\"https:\/\/peoplesphere.be\/fr\/wp-content\/uploads\/2016\/02\/Savethedate.png 1233w, https:\/\/peoplesphere.be\/fr\/wp-content\/uploads\/2016\/02\/Savethedate-211x300.png 211w, https:\/\/peoplesphere.be\/fr\/wp-content\/uploads\/2016\/02\/Savethedate-721x1024.png 721w\" sizes=\"(max-width: 1233px) 100vw, 1233px\" \/><\/a><\/p>\n","protected":false},"excerpt":{"rendered":"<p>Depuis 2013 et le d\u00e9cret de l\u2019Organisation des Nations Unies, le 20 mars est la Journ\u00e9e Internationale du Bonheur. L\u2019occasion id\u00e9ale de consacrer toute notre attention au bonheur au travail qui est devenu depuis lors un des th\u00e8mes de r\u00e9flexion [&hellip;]<\/p>\n","protected":false},"author":1,"featured_media":1171,"parent":0,"menu_order":0,"comment_status":"closed","ping_status":"closed","template":"","meta":[],"yoast_head":"<!-- This site is optimized with the Yoast SEO plugin v21.0 - https:\/\/yoast.com\/wordpress\/plugins\/seo\/ -->\n<title>Be Happy Day - Peoplesphere<\/title>\n<meta name=\"robots\" content=\"index, follow, max-snippet:-1, max-image-preview:large, max-video-preview:-1\" \/>\n<link rel=\"canonical\" href=\"https:\/\/peoplesphere.be\/fr\/behappyday\/\" \/>\n<meta property=\"og:locale\" content=\"fr_FR\" \/>\n<meta property=\"og:type\" content=\"article\" \/>\n<meta property=\"og:title\" content=\"Be Happy Day - Peoplesphere\" \/>\n<meta property=\"og:description\" content=\"Depuis 2013 et le d\u00e9cret de l\u2019Organisation des Nations Unies, le 20 mars est la Journ\u00e9e Internationale du Bonheur. L\u2019occasion id\u00e9ale de consacrer toute notre attention au bonheur au travail qui est devenu depuis lors un des th\u00e8mes de r\u00e9flexion [&hellip;]\" \/>\n<meta property=\"og:url\" content=\"https:\/\/peoplesphere.be\/fr\/behappyday\/\" \/>\n<meta property=\"og:site_name\" content=\"Peoplesphere\" \/>\n<meta property=\"article:publisher\" content=\"https:\/\/www.facebook.com\/peoplesphere\" \/>\n<meta property=\"article:modified_time\" content=\"2016-02-17T11:31:18+00:00\" \/>\n<meta property=\"og:image\" content=\"https:\/\/peoplesphere.be\/fr\/wp-content\/uploads\/2014\/09\/header.jpg\" \/>\n\t<meta property=\"og:image:width\" content=\"804\" \/>\n\t<meta property=\"og:image:height\" content=\"259\" \/>\n\t<meta property=\"og:image:type\" content=\"image\/jpeg\" \/>\n<meta name=\"twitter:card\" content=\"summary_large_image\" \/>\n<meta name=\"twitter:site\" content=\"@PeoplesphereMag\" \/>\n<meta name=\"twitter:label1\" content=\"Dur\u00e9e de lecture estim\u00e9e\" \/>\n\t<meta name=\"twitter:data1\" content=\"1 minute\" \/>\n<script type=\"application\/ld+json\" class=\"yoast-schema-graph\">{\"@context\":\"https:\/\/schema.org\",\"@graph\":[{\"@type\":\"WebPage\",\"@id\":\"https:\/\/peoplesphere.be\/fr\/behappyday\/\",\"url\":\"https:\/\/peoplesphere.be\/fr\/behappyday\/\",\"name\":\"Be Happy Day - Peoplesphere\",\"isPartOf\":{\"@id\":\"https:\/\/peoplesphere.be\/fr\/#website\"},\"datePublished\":\"2014-09-02T14:08:11+00:00\",\"dateModified\":\"2016-02-17T11:31:18+00:00\",\"breadcrumb\":{\"@id\":\"https:\/\/peoplesphere.be\/fr\/behappyday\/#breadcrumb\"},\"inLanguage\":\"fr-FR\",\"potentialAction\":[{\"@type\":\"ReadAction\",\"target\":[\"https:\/\/peoplesphere.be\/fr\/behappyday\/\"]}]},{\"@type\":\"BreadcrumbList\",\"@id\":\"https:\/\/peoplesphere.be\/fr\/behappyday\/#breadcrumb\",\"itemListElement\":[{\"@type\":\"ListItem\",\"position\":1,\"name\":\"Accueil\",\"item\":\"https:\/\/peoplesphere.be\/fr\/\"},{\"@type\":\"ListItem\",\"position\":2,\"name\":\"Be Happy Day\"}]},{\"@type\":\"WebSite\",\"@id\":\"https:\/\/peoplesphere.be\/fr\/#website\",\"url\":\"https:\/\/peoplesphere.be\/fr\/\",\"name\":\"Peoplesphere\",\"description\":\"The People Managers Magazine\",\"publisher\":{\"@id\":\"https:\/\/peoplesphere.be\/fr\/#organization\"},\"potentialAction\":[{\"@type\":\"SearchAction\",\"target\":{\"@type\":\"EntryPoint\",\"urlTemplate\":\"https:\/\/peoplesphere.be\/fr\/?s={search_term_string}\"},\"query-input\":\"required name=search_term_string\"}],\"inLanguage\":\"fr-FR\"},{\"@type\":\"Organization\",\"@id\":\"https:\/\/peoplesphere.be\/fr\/#organization\",\"name\":\"Peoplesphere Company srl\",\"url\":\"https:\/\/peoplesphere.be\/fr\/\",\"logo\":{\"@type\":\"ImageObject\",\"inLanguage\":\"fr-FR\",\"@id\":\"https:\/\/peoplesphere.be\/fr\/#\/schema\/logo\/image\/\",\"url\":\"https:\/\/peoplesphere.be\/fr\/wp-content\/uploads\/2023\/07\/peoplesphere-lgo-new-generik.jpg\",\"contentUrl\":\"https:\/\/peoplesphere.be\/fr\/wp-content\/uploads\/2023\/07\/peoplesphere-lgo-new-generik.jpg\",\"width\":1031,\"height\":1479,\"caption\":\"Peoplesphere Company srl\"},\"image\":{\"@id\":\"https:\/\/peoplesphere.be\/fr\/#\/schema\/logo\/image\/\"},\"sameAs\":[\"https:\/\/www.facebook.com\/peoplesphere\",\"https:\/\/twitter.com\/PeoplesphereMag\",\"https:\/\/www.linkedin.com\/company\/7587361?trk\",\"http:\/\/youtube.com\/peoplesphere\"]}]}<\/script>\n<!-- \/ Yoast SEO plugin. -->","yoast_head_json":{"title":"Be Happy Day - Peoplesphere","robots":{"index":"index","follow":"follow","max-snippet":"max-snippet:-1","max-image-preview":"max-image-preview:large","max-video-preview":"max-video-preview:-1"},"canonical":"https:\/\/peoplesphere.be\/fr\/behappyday\/","og_locale":"fr_FR","og_type":"article","og_title":"Be Happy Day - Peoplesphere","og_description":"Depuis 2013 et le d\u00e9cret de l\u2019Organisation des Nations Unies, le 20 mars est la Journ\u00e9e Internationale du Bonheur. L\u2019occasion id\u00e9ale de consacrer toute notre attention au bonheur au travail qui est devenu depuis lors un des th\u00e8mes de r\u00e9flexion [&hellip;]","og_url":"https:\/\/peoplesphere.be\/fr\/behappyday\/","og_site_name":"Peoplesphere","article_publisher":"https:\/\/www.facebook.com\/peoplesphere","article_modified_time":"2016-02-17T11:31:18+00:00","og_image":[{"width":804,"height":259,"url":"https:\/\/peoplesphere.be\/fr\/wp-content\/uploads\/2014\/09\/header.jpg","type":"image\/jpeg"}],"twitter_card":"summary_large_image","twitter_site":"@PeoplesphereMag","twitter_misc":{"Dur\u00e9e de lecture estim\u00e9e":"1 minute"},"schema":{"@context":"https:\/\/schema.org","@graph":[{"@type":"WebPage","@id":"https:\/\/peoplesphere.be\/fr\/behappyday\/","url":"https:\/\/peoplesphere.be\/fr\/behappyday\/","name":"Be Happy Day - Peoplesphere","isPartOf":{"@id":"https:\/\/peoplesphere.be\/fr\/#website"},"datePublished":"2014-09-02T14:08:11+00:00","dateModified":"2016-02-17T11:31:18+00:00","breadcrumb":{"@id":"https:\/\/peoplesphere.be\/fr\/behappyday\/#breadcrumb"},"inLanguage":"fr-FR","potentialAction":[{"@type":"ReadAction","target":["https:\/\/peoplesphere.be\/fr\/behappyday\/"]}]},{"@type":"BreadcrumbList","@id":"https:\/\/peoplesphere.be\/fr\/behappyday\/#breadcrumb","itemListElement":[{"@type":"ListItem","position":1,"name":"Accueil","item":"https:\/\/peoplesphere.be\/fr\/"},{"@type":"ListItem","position":2,"name":"Be Happy Day"}]},{"@type":"WebSite","@id":"https:\/\/peoplesphere.be\/fr\/#website","url":"https:\/\/peoplesphere.be\/fr\/","name":"Peoplesphere","description":"The People Managers Magazine","publisher":{"@id":"https:\/\/peoplesphere.be\/fr\/#organization"},"potentialAction":[{"@type":"SearchAction","target":{"@type":"EntryPoint","urlTemplate":"https:\/\/peoplesphere.be\/fr\/?s={search_term_string}"},"query-input":"required name=search_term_string"}],"inLanguage":"fr-FR"},{"@type":"Organization","@id":"https:\/\/peoplesphere.be\/fr\/#organization","name":"Peoplesphere Company srl","url":"https:\/\/peoplesphere.be\/fr\/","logo":{"@type":"ImageObject","inLanguage":"fr-FR","@id":"https:\/\/peoplesphere.be\/fr\/#\/schema\/logo\/image\/","url":"https:\/\/peoplesphere.be\/fr\/wp-content\/uploads\/2023\/07\/peoplesphere-lgo-new-generik.jpg","contentUrl":"https:\/\/peoplesphere.be\/fr\/wp-content\/uploads\/2023\/07\/peoplesphere-lgo-new-generik.jpg","width":1031,"height":1479,"caption":"Peoplesphere Company srl"},"image":{"@id":"https:\/\/peoplesphere.be\/fr\/#\/schema\/logo\/image\/"},"sameAs":["https:\/\/www.facebook.com\/peoplesphere","https:\/\/twitter.com\/PeoplesphereMag","https:\/\/www.linkedin.com\/company\/7587361?trk","http:\/\/youtube.com\/peoplesphere"]}]}},"_links":{"self":[{"href":"https:\/\/peoplesphere.be\/fr\/wp-json\/wp\/v2\/pages\/104"}],"collection":[{"href":"https:\/\/peoplesphere.be\/fr\/wp-json\/wp\/v2\/pages"}],"about":[{"href":"https:\/\/peoplesphere.be\/fr\/wp-json\/wp\/v2\/types\/page"}],"author":[{"embeddable":true,"href":"https:\/\/peoplesphere.be\/fr\/wp-json\/wp\/v2\/users\/1"}],"replies":[{"embeddable":true,"href":"https:\/\/peoplesphere.be\/fr\/wp-json\/wp\/v2\/comments?post=104"}],"version-history":[{"count":11,"href":"https:\/\/peoplesphere.be\/fr\/wp-json\/wp\/v2\/pages\/104\/revisions"}],"predecessor-version":[{"id":2501,"href":"https:\/\/peoplesphere.be\/fr\/wp-json\/wp\/v2\/pages\/104\/revisions\/2501"}],"wp:featuredmedia":[{"embeddable":true,"href":"https:\/\/peoplesphere.be\/fr\/wp-json\/wp\/v2\/media\/1171"}],"wp:attachment":[{"href":"https:\/\/peoplesphere.be\/fr\/wp-json\/wp\/v2\/media?parent=104"}],"curies":[{"name":"wp","href":"https:\/\/api.w.org\/{rel}","templated":true}]}}