









{"id":106,"date":"2014-09-02T16:13:07","date_gmt":"2014-09-02T14:13:07","guid":{"rendered":"http:\/\/www.peoplesphere.be\/wp\/?page_id=106"},"modified":"2017-12-06T18:15:09","modified_gmt":"2017-12-06T16:15:09","slug":"peoplesphere-team","status":"publish","type":"page","link":"https:\/\/peoplesphere.be\/fr\/peoplesphere-team\/","title":{"rendered":"Peoplesphere Team"},"content":{"rendered":"<h2>Peoplesphere est le magazine des People Managers<\/h2>\n<p>Depuis mars 2011, lorsque la marque Peoplesphere a pris le relais de RH Tribune cr\u00e9\u00e9e en 1996, nous nous adressons non seulement aux professionnels des Ressources Humaines (responsables et practiciens RH, prestataires de services RH, acad\u00e9miques, \u00e9tudiants, repr\u00e9sentants syndicaux,\u2026) mais aussi aux dirigeants d\u2019entreprise et responsables op\u00e9rationnels qui s\u2019impliquent chaque jour davantage en mati\u00e8re de People Management dans leurs organisations.<!--more--> Peoplesphere est une plateforme multim\u00e9dia (print \/ digital \/ events), cela va de soi! Peoplesphere est \u00e0 l\u2019\u00e9vidence aussi un outil de r\u00e9flexion et de soutien dans l\u2019exercice compliqu\u00e9 du People Management au quotidien. Comment concilier au mieux les int\u00e9r\u00eats des entreprises et des individus \/ \u00e9quipes qui y travaillent? Des r\u00e9ponses, des solutions, des pistes \u00e0 explorer, des id\u00e9es \u00e0 partager\u2026 Tout cela et plus encore, chaque mois, dans votre Peoplesphere.<\/p>\n<h2>Ancr\u00e9 dans la communaut\u00e9 des People Managers depuis 1996<\/h2>\n<p>Peoplesphere est l\u2019\u00e9manation du secteur. Un positionnement unique sur le march\u00e9 de la presse professionnelle en Belgique. Gr\u00e2ce \u00e0 ses r\u00e9seaux (comit\u00e9 de r\u00e9daction, contributeurs r\u00e9guliers et occasionnels, relais internationaux,\u2026), Peoplesphere entretient un dialogue permanent avec l\u2019ensemble de la communaut\u00e9 des People Managers. Ce sont leurs d\u00e9fis et leurs initiatives qui alimentent la plateforme \u00e9ditoriale de Peoplesphere.<\/p>\n<h2>Un r\u00e9seau de contributeur<\/h2>\n<p>Le partage des meilleures pratiques et des tendances \u00e9mergentes en mati\u00e8re de People Management s\u2019appuie notamment sur un r\u00e9seau de contributeurs qui r\u00e9fl\u00e9chissent avec nous aux \u00e9volutions significatives du monde du travail. Ces derniers s\u2019inscrivent dans la dynamique d\u2019\u00e9change que Peoplesphere entretient au quotidien au sein des communaut\u00e9s professionnelles. Citons entre autres <strong>Laurent Ledoux<\/strong> (Philo Ma &#8211; dirigeant au sein de plusieurs services publics f\u00e9d\u00e9raux), <strong>Nicolas Martin<\/strong> (FanInch HR &#8211; DRH), <strong>St\u00e9phane Kodeck<\/strong> (Transversis &#8211; SVP Corporate Services pour plusieurs organisations priv\u00e9es et du secteur non marchand), <strong>David Vandenbosch<\/strong> (Clinique du Stress &#8211; ULB Erasme),\u00a0<strong>Laurence Vanh\u00e9e<\/strong> (Chief Happiness Officer Happyformance), <strong>Ga\u00eblle Boulet<\/strong> (Directrice g\u00e9n\u00e9rale FormaForm), <strong>Jean-Paul Gailly<\/strong> (Directeur g\u00e9n\u00e9ral Bruxelles Mobilit\u00e9),&#8230;<\/p>\n<h2>Nous contacter<\/h2>\n<p><strong>Editorial &amp; communiqu\u00e9s<\/strong><br \/>\n<a href=\"mailto:redaction@peoplesphere.be\">redaction@peoplesphere.be<\/a> (FR) &#8211; <a href=\"mailto:redactie@peoplesphere.be\">redactie@peoplesphere.be<\/a> (NL)<\/p>\n<p><strong>General Management, Sales &amp; Marketing<\/strong><br \/>\nJean-Paul Erhard (<a href=\"mailto:jpe@peoplesphere.be\">jpe@peoplesphere.be<\/a>)<\/p>\n<p><strong> Production &amp; Webdesign <\/strong><br \/>\nRenato Baio (<a href=\"mailto:renato@peoplesphere.be\" target=\"_blank\" rel=\"noopener noreferrer\">renato@peoplesphere.be<\/a>)<\/p>\n<p><strong>Abonnements &amp; Distribution<\/strong><br \/>\n<a href=\"mailto:info@peoplesphere.be\">info@peoplesphere.be<\/a><\/p>\n","protected":false},"excerpt":{"rendered":"<p>Peoplesphere est le magazine des People Managers Depuis mars 2011, lorsque la marque Peoplesphere a pris le relais de RH Tribune cr\u00e9\u00e9e en 1996, nous nous adressons non seulement aux professionnels des Ressources Humaines (responsables et practiciens RH, prestataires de [&hellip;]<\/p>\n","protected":false},"author":1,"featured_media":0,"parent":0,"menu_order":0,"comment_status":"closed","ping_status":"open","template":"","meta":[],"yoast_head":"<!-- This site is optimized with the Yoast SEO plugin v21.0 - https:\/\/yoast.com\/wordpress\/plugins\/seo\/ -->\n<title>Peoplesphere Team - Peoplesphere<\/title>\n<meta name=\"robots\" content=\"index, follow, max-snippet:-1, max-image-preview:large, max-video-preview:-1\" \/>\n<link rel=\"canonical\" href=\"https:\/\/peoplesphere.be\/fr\/peoplesphere-team\/\" \/>\n<meta property=\"og:locale\" content=\"fr_FR\" \/>\n<meta property=\"og:type\" content=\"article\" \/>\n<meta property=\"og:title\" content=\"Peoplesphere Team - Peoplesphere\" \/>\n<meta property=\"og:description\" content=\"Peoplesphere est le magazine des People Managers Depuis mars 2011, lorsque la marque Peoplesphere a pris le relais de RH Tribune cr\u00e9\u00e9e en 1996, nous nous adressons non seulement aux professionnels des Ressources Humaines (responsables et practiciens RH, prestataires de [&hellip;]\" \/>\n<meta property=\"og:url\" content=\"https:\/\/peoplesphere.be\/fr\/peoplesphere-team\/\" \/>\n<meta property=\"og:site_name\" content=\"Peoplesphere\" \/>\n<meta property=\"article:publisher\" content=\"https:\/\/www.facebook.com\/peoplesphere\" \/>\n<meta property=\"article:modified_time\" content=\"2017-12-06T16:15:09+00:00\" \/>\n<meta property=\"og:image\" content=\"http:\/\/www.peoplesphere.be\/fr\/wp-content\/uploads\/2016\/07\/facebook-default-posting-1200x628px.jpg\" \/>\n<meta name=\"twitter:card\" content=\"summary_large_image\" \/>\n<meta name=\"twitter:site\" content=\"@PeoplesphereMag\" \/>\n<meta name=\"twitter:label1\" content=\"Dur\u00e9e de lecture estim\u00e9e\" \/>\n\t<meta name=\"twitter:data1\" content=\"2 minutes\" \/>\n<script type=\"application\/ld+json\" class=\"yoast-schema-graph\">{\"@context\":\"https:\/\/schema.org\",\"@graph\":[{\"@type\":\"WebPage\",\"@id\":\"https:\/\/peoplesphere.be\/fr\/peoplesphere-team\/\",\"url\":\"https:\/\/peoplesphere.be\/fr\/peoplesphere-team\/\",\"name\":\"Peoplesphere Team - Peoplesphere\",\"isPartOf\":{\"@id\":\"https:\/\/peoplesphere.be\/fr\/#website\"},\"datePublished\":\"2014-09-02T14:13:07+00:00\",\"dateModified\":\"2017-12-06T16:15:09+00:00\",\"breadcrumb\":{\"@id\":\"https:\/\/peoplesphere.be\/fr\/peoplesphere-team\/#breadcrumb\"},\"inLanguage\":\"fr-FR\",\"potentialAction\":[{\"@type\":\"ReadAction\",\"target\":[\"https:\/\/peoplesphere.be\/fr\/peoplesphere-team\/\"]}]},{\"@type\":\"BreadcrumbList\",\"@id\":\"https:\/\/peoplesphere.be\/fr\/peoplesphere-team\/#breadcrumb\",\"itemListElement\":[{\"@type\":\"ListItem\",\"position\":1,\"name\":\"Accueil\",\"item\":\"https:\/\/peoplesphere.be\/fr\/\"},{\"@type\":\"ListItem\",\"position\":2,\"name\":\"Peoplesphere Team\"}]},{\"@type\":\"WebSite\",\"@id\":\"https:\/\/peoplesphere.be\/fr\/#website\",\"url\":\"https:\/\/peoplesphere.be\/fr\/\",\"name\":\"Peoplesphere\",\"description\":\"The People Managers Magazine\",\"publisher\":{\"@id\":\"https:\/\/peoplesphere.be\/fr\/#organization\"},\"potentialAction\":[{\"@type\":\"SearchAction\",\"target\":{\"@type\":\"EntryPoint\",\"urlTemplate\":\"https:\/\/peoplesphere.be\/fr\/?s={search_term_string}\"},\"query-input\":\"required name=search_term_string\"}],\"inLanguage\":\"fr-FR\"},{\"@type\":\"Organization\",\"@id\":\"https:\/\/peoplesphere.be\/fr\/#organization\",\"name\":\"Peoplesphere Company srl\",\"url\":\"https:\/\/peoplesphere.be\/fr\/\",\"logo\":{\"@type\":\"ImageObject\",\"inLanguage\":\"fr-FR\",\"@id\":\"https:\/\/peoplesphere.be\/fr\/#\/schema\/logo\/image\/\",\"url\":\"https:\/\/peoplesphere.be\/fr\/wp-content\/uploads\/2023\/07\/peoplesphere-lgo-new-generik.jpg\",\"contentUrl\":\"https:\/\/peoplesphere.be\/fr\/wp-content\/uploads\/2023\/07\/peoplesphere-lgo-new-generik.jpg\",\"width\":1031,\"height\":1479,\"caption\":\"Peoplesphere Company srl\"},\"image\":{\"@id\":\"https:\/\/peoplesphere.be\/fr\/#\/schema\/logo\/image\/\"},\"sameAs\":[\"https:\/\/www.facebook.com\/peoplesphere\",\"https:\/\/twitter.com\/PeoplesphereMag\",\"https:\/\/www.linkedin.com\/company\/7587361?trk\",\"http:\/\/youtube.com\/peoplesphere\"]}]}<\/script>\n<!-- \/ Yoast SEO plugin. -->","yoast_head_json":{"title":"Peoplesphere Team - Peoplesphere","robots":{"index":"index","follow":"follow","max-snippet":"max-snippet:-1","max-image-preview":"max-image-preview:large","max-video-preview":"max-video-preview:-1"},"canonical":"https:\/\/peoplesphere.be\/fr\/peoplesphere-team\/","og_locale":"fr_FR","og_type":"article","og_title":"Peoplesphere Team - Peoplesphere","og_description":"Peoplesphere est le magazine des People Managers Depuis mars 2011, lorsque la marque Peoplesphere a pris le relais de RH Tribune cr\u00e9\u00e9e en 1996, nous nous adressons non seulement aux professionnels des Ressources Humaines (responsables et practiciens RH, prestataires de [&hellip;]","og_url":"https:\/\/peoplesphere.be\/fr\/peoplesphere-team\/","og_site_name":"Peoplesphere","article_publisher":"https:\/\/www.facebook.com\/peoplesphere","article_modified_time":"2017-12-06T16:15:09+00:00","og_image":[{"url":"http:\/\/www.peoplesphere.be\/fr\/wp-content\/uploads\/2016\/07\/facebook-default-posting-1200x628px.jpg"}],"twitter_card":"summary_large_image","twitter_site":"@PeoplesphereMag","twitter_misc":{"Dur\u00e9e de lecture estim\u00e9e":"2 minutes"},"schema":{"@context":"https:\/\/schema.org","@graph":[{"@type":"WebPage","@id":"https:\/\/peoplesphere.be\/fr\/peoplesphere-team\/","url":"https:\/\/peoplesphere.be\/fr\/peoplesphere-team\/","name":"Peoplesphere Team - Peoplesphere","isPartOf":{"@id":"https:\/\/peoplesphere.be\/fr\/#website"},"datePublished":"2014-09-02T14:13:07+00:00","dateModified":"2017-12-06T16:15:09+00:00","breadcrumb":{"@id":"https:\/\/peoplesphere.be\/fr\/peoplesphere-team\/#breadcrumb"},"inLanguage":"fr-FR","potentialAction":[{"@type":"ReadAction","target":["https:\/\/peoplesphere.be\/fr\/peoplesphere-team\/"]}]},{"@type":"BreadcrumbList","@id":"https:\/\/peoplesphere.be\/fr\/peoplesphere-team\/#breadcrumb","itemListElement":[{"@type":"ListItem","position":1,"name":"Accueil","item":"https:\/\/peoplesphere.be\/fr\/"},{"@type":"ListItem","position":2,"name":"Peoplesphere Team"}]},{"@type":"WebSite","@id":"https:\/\/peoplesphere.be\/fr\/#website","url":"https:\/\/peoplesphere.be\/fr\/","name":"Peoplesphere","description":"The People Managers Magazine","publisher":{"@id":"https:\/\/peoplesphere.be\/fr\/#organization"},"potentialAction":[{"@type":"SearchAction","target":{"@type":"EntryPoint","urlTemplate":"https:\/\/peoplesphere.be\/fr\/?s={search_term_string}"},"query-input":"required name=search_term_string"}],"inLanguage":"fr-FR"},{"@type":"Organization","@id":"https:\/\/peoplesphere.be\/fr\/#organization","name":"Peoplesphere Company srl","url":"https:\/\/peoplesphere.be\/fr\/","logo":{"@type":"ImageObject","inLanguage":"fr-FR","@id":"https:\/\/peoplesphere.be\/fr\/#\/schema\/logo\/image\/","url":"https:\/\/peoplesphere.be\/fr\/wp-content\/uploads\/2023\/07\/peoplesphere-lgo-new-generik.jpg","contentUrl":"https:\/\/peoplesphere.be\/fr\/wp-content\/uploads\/2023\/07\/peoplesphere-lgo-new-generik.jpg","width":1031,"height":1479,"caption":"Peoplesphere Company srl"},"image":{"@id":"https:\/\/peoplesphere.be\/fr\/#\/schema\/logo\/image\/"},"sameAs":["https:\/\/www.facebook.com\/peoplesphere","https:\/\/twitter.com\/PeoplesphereMag","https:\/\/www.linkedin.com\/company\/7587361?trk","http:\/\/youtube.com\/peoplesphere"]}]}},"_links":{"self":[{"href":"https:\/\/peoplesphere.be\/fr\/wp-json\/wp\/v2\/pages\/106"}],"collection":[{"href":"https:\/\/peoplesphere.be\/fr\/wp-json\/wp\/v2\/pages"}],"about":[{"href":"https:\/\/peoplesphere.be\/fr\/wp-json\/wp\/v2\/types\/page"}],"author":[{"embeddable":true,"href":"https:\/\/peoplesphere.be\/fr\/wp-json\/wp\/v2\/users\/1"}],"replies":[{"embeddable":true,"href":"https:\/\/peoplesphere.be\/fr\/wp-json\/wp\/v2\/comments?post=106"}],"version-history":[{"count":14,"href":"https:\/\/peoplesphere.be\/fr\/wp-json\/wp\/v2\/pages\/106\/revisions"}],"predecessor-version":[{"id":5269,"href":"https:\/\/peoplesphere.be\/fr\/wp-json\/wp\/v2\/pages\/106\/revisions\/5269"}],"wp:attachment":[{"href":"https:\/\/peoplesphere.be\/fr\/wp-json\/wp\/v2\/media?parent=106"}],"curies":[{"name":"wp","href":"https:\/\/api.w.org\/{rel}","templated":true}]}}