









{"id":1190,"date":"2015-07-16T11:53:06","date_gmt":"2015-07-16T09:53:06","guid":{"rendered":"http:\/\/www.peoplesphere.be\/wp\/?page_id=1190"},"modified":"2015-08-05T17:22:37","modified_gmt":"2015-08-05T15:22:37","slug":"hr-co-creation-day","status":"publish","type":"page","link":"https:\/\/peoplesphere.be\/fr\/hr-co-creation-day\/","title":{"rendered":"HR Co-Creation Day"},"content":{"rendered":"<p>Le 3 d\u00e9cembre 2015, nous allons passer ensemble en revue les meilleurs projets de co-cr\u00e9ation de l\u2019ann\u00e9e \u00e9coul\u00e9e.<br \/>\nGr\u00e2ce au HR Co-Creation Day<span class=\"copyright\">\u00a9<\/span>, nous voulons mettre en \u00e9vidence et partager les projets qui vont contribuer au futur du People Management dans nos entreprises.<\/p>\n<p><!--more--><\/p>\n<h2>Quels sont les \u00e9l\u00e9ments qui composent un projet de Co-Cr\u00e9ation en RH ?<\/h2>\n<ol>\n<li>Une entreprise via son d\u00e9partement RH ou son comit\u00e9 de direction ou une \u00e9quipe d\u00e9dicac\u00e9e \u00e0 la r\u00e9alisation d\u2019un projet ;<\/li>\n<li>Un partenaire externe \/ prestataire de services en mati\u00e8re de People Management ;<\/li>\n<li>Une initiative de transformation ou d\u2019am\u00e9lioration du business men\u00e9e au cours de l\u2019ann\u00e9e 2015 et ses indicateurs de r\u00e9alisation.<\/li>\n<\/ol>\n<h2>Attention ! Le HR Co-Creation Day<span class=\"copyright\">\u00a9<\/span> n\u2019est pas une comp\u00e9tition !<\/h2>\n<p>Peoplesphere et ses partenaires ne souhaitent pas identifier les meilleurs fournisseurs de services, ni les meilleurs consultants, ni les meilleurs projets\u2026<\/p>\n<p>Le <strong>HR Co-Creation Day<span class=\"copyright\">\u00a9<\/span><\/strong> a pour objectif d\u2019inspirer la communaut\u00e9 des People Managers, de reconna\u00eetre les initiatives positives et de c\u00e9l\u00e9brer ensemble la vitalit\u00e9 du People Management au sein de nos entreprises.<\/p>\n<p><strong>Plus d&rsquo;informations?<\/strong><br \/>\n<a href=\"mailto:hr-co-creation-day@peoplesphere.be\">hr-co-creation-day@peoplesphere.be<\/a><\/p>\n","protected":false},"excerpt":{"rendered":"<p>Le 3 d\u00e9cembre 2015, nous allons passer ensemble en revue les meilleurs projets de co-cr\u00e9ation de l\u2019ann\u00e9e \u00e9coul\u00e9e. Gr\u00e2ce au HR Co-Creation Day\u00a9, nous voulons mettre en \u00e9vidence et partager les projets qui vont contribuer au futur du People Management [&hellip;]<\/p>\n","protected":false},"author":1,"featured_media":1671,"parent":0,"menu_order":0,"comment_status":"closed","ping_status":"open","template":"","meta":[],"yoast_head":"<!-- This site is optimized with the Yoast SEO plugin v21.0 - https:\/\/yoast.com\/wordpress\/plugins\/seo\/ -->\n<title>HR Co-Creation Day - Peoplesphere<\/title>\n<meta name=\"robots\" content=\"index, follow, max-snippet:-1, max-image-preview:large, max-video-preview:-1\" \/>\n<link rel=\"canonical\" href=\"https:\/\/peoplesphere.be\/fr\/hr-co-creation-day\/\" \/>\n<meta property=\"og:locale\" content=\"fr_FR\" \/>\n<meta property=\"og:type\" content=\"article\" \/>\n<meta property=\"og:title\" content=\"HR Co-Creation Day - Peoplesphere\" \/>\n<meta property=\"og:description\" content=\"Le 3 d\u00e9cembre 2015, nous allons passer ensemble en revue les meilleurs projets de co-cr\u00e9ation de l\u2019ann\u00e9e \u00e9coul\u00e9e. Gr\u00e2ce au HR Co-Creation Day\u00a9, nous voulons mettre en \u00e9vidence et partager les projets qui vont contribuer au futur du People Management [&hellip;]\" \/>\n<meta property=\"og:url\" content=\"https:\/\/peoplesphere.be\/fr\/hr-co-creation-day\/\" \/>\n<meta property=\"og:site_name\" content=\"Peoplesphere\" \/>\n<meta property=\"article:publisher\" content=\"https:\/\/www.facebook.com\/peoplesphere\" \/>\n<meta property=\"article:modified_time\" content=\"2015-08-05T15:22:37+00:00\" \/>\n<meta property=\"og:image\" content=\"https:\/\/peoplesphere.be\/fr\/wp-content\/uploads\/2015\/07\/hrcocreationday2015.jpg\" \/>\n\t<meta property=\"og:image:width\" content=\"700\" \/>\n\t<meta property=\"og:image:height\" content=\"353\" \/>\n\t<meta property=\"og:image:type\" content=\"image\/jpeg\" \/>\n<meta name=\"twitter:card\" content=\"summary_large_image\" \/>\n<meta name=\"twitter:site\" content=\"@PeoplesphereMag\" \/>\n<meta name=\"twitter:label1\" content=\"Dur\u00e9e de lecture estim\u00e9e\" \/>\n\t<meta name=\"twitter:data1\" content=\"1 minute\" \/>\n<script type=\"application\/ld+json\" class=\"yoast-schema-graph\">{\"@context\":\"https:\/\/schema.org\",\"@graph\":[{\"@type\":\"WebPage\",\"@id\":\"https:\/\/peoplesphere.be\/fr\/hr-co-creation-day\/\",\"url\":\"https:\/\/peoplesphere.be\/fr\/hr-co-creation-day\/\",\"name\":\"HR Co-Creation Day - Peoplesphere\",\"isPartOf\":{\"@id\":\"https:\/\/peoplesphere.be\/fr\/#website\"},\"datePublished\":\"2015-07-16T09:53:06+00:00\",\"dateModified\":\"2015-08-05T15:22:37+00:00\",\"breadcrumb\":{\"@id\":\"https:\/\/peoplesphere.be\/fr\/hr-co-creation-day\/#breadcrumb\"},\"inLanguage\":\"fr-FR\",\"potentialAction\":[{\"@type\":\"ReadAction\",\"target\":[\"https:\/\/peoplesphere.be\/fr\/hr-co-creation-day\/\"]}]},{\"@type\":\"BreadcrumbList\",\"@id\":\"https:\/\/peoplesphere.be\/fr\/hr-co-creation-day\/#breadcrumb\",\"itemListElement\":[{\"@type\":\"ListItem\",\"position\":1,\"name\":\"Accueil\",\"item\":\"https:\/\/peoplesphere.be\/fr\/\"},{\"@type\":\"ListItem\",\"position\":2,\"name\":\"HR Co-Creation Day\"}]},{\"@type\":\"WebSite\",\"@id\":\"https:\/\/peoplesphere.be\/fr\/#website\",\"url\":\"https:\/\/peoplesphere.be\/fr\/\",\"name\":\"Peoplesphere\",\"description\":\"The People Managers Magazine\",\"publisher\":{\"@id\":\"https:\/\/peoplesphere.be\/fr\/#organization\"},\"potentialAction\":[{\"@type\":\"SearchAction\",\"target\":{\"@type\":\"EntryPoint\",\"urlTemplate\":\"https:\/\/peoplesphere.be\/fr\/?s={search_term_string}\"},\"query-input\":\"required name=search_term_string\"}],\"inLanguage\":\"fr-FR\"},{\"@type\":\"Organization\",\"@id\":\"https:\/\/peoplesphere.be\/fr\/#organization\",\"name\":\"Peoplesphere Company srl\",\"url\":\"https:\/\/peoplesphere.be\/fr\/\",\"logo\":{\"@type\":\"ImageObject\",\"inLanguage\":\"fr-FR\",\"@id\":\"https:\/\/peoplesphere.be\/fr\/#\/schema\/logo\/image\/\",\"url\":\"https:\/\/peoplesphere.be\/fr\/wp-content\/uploads\/2023\/07\/peoplesphere-lgo-new-generik.jpg\",\"contentUrl\":\"https:\/\/peoplesphere.be\/fr\/wp-content\/uploads\/2023\/07\/peoplesphere-lgo-new-generik.jpg\",\"width\":1031,\"height\":1479,\"caption\":\"Peoplesphere Company srl\"},\"image\":{\"@id\":\"https:\/\/peoplesphere.be\/fr\/#\/schema\/logo\/image\/\"},\"sameAs\":[\"https:\/\/www.facebook.com\/peoplesphere\",\"https:\/\/twitter.com\/PeoplesphereMag\",\"https:\/\/www.linkedin.com\/company\/7587361?trk\",\"http:\/\/youtube.com\/peoplesphere\"]}]}<\/script>\n<!-- \/ Yoast SEO plugin. -->","yoast_head_json":{"title":"HR Co-Creation Day - Peoplesphere","robots":{"index":"index","follow":"follow","max-snippet":"max-snippet:-1","max-image-preview":"max-image-preview:large","max-video-preview":"max-video-preview:-1"},"canonical":"https:\/\/peoplesphere.be\/fr\/hr-co-creation-day\/","og_locale":"fr_FR","og_type":"article","og_title":"HR Co-Creation Day - Peoplesphere","og_description":"Le 3 d\u00e9cembre 2015, nous allons passer ensemble en revue les meilleurs projets de co-cr\u00e9ation de l\u2019ann\u00e9e \u00e9coul\u00e9e. Gr\u00e2ce au HR Co-Creation Day\u00a9, nous voulons mettre en \u00e9vidence et partager les projets qui vont contribuer au futur du People Management [&hellip;]","og_url":"https:\/\/peoplesphere.be\/fr\/hr-co-creation-day\/","og_site_name":"Peoplesphere","article_publisher":"https:\/\/www.facebook.com\/peoplesphere","article_modified_time":"2015-08-05T15:22:37+00:00","og_image":[{"width":700,"height":353,"url":"https:\/\/peoplesphere.be\/fr\/wp-content\/uploads\/2015\/07\/hrcocreationday2015.jpg","type":"image\/jpeg"}],"twitter_card":"summary_large_image","twitter_site":"@PeoplesphereMag","twitter_misc":{"Dur\u00e9e de lecture estim\u00e9e":"1 minute"},"schema":{"@context":"https:\/\/schema.org","@graph":[{"@type":"WebPage","@id":"https:\/\/peoplesphere.be\/fr\/hr-co-creation-day\/","url":"https:\/\/peoplesphere.be\/fr\/hr-co-creation-day\/","name":"HR Co-Creation Day - Peoplesphere","isPartOf":{"@id":"https:\/\/peoplesphere.be\/fr\/#website"},"datePublished":"2015-07-16T09:53:06+00:00","dateModified":"2015-08-05T15:22:37+00:00","breadcrumb":{"@id":"https:\/\/peoplesphere.be\/fr\/hr-co-creation-day\/#breadcrumb"},"inLanguage":"fr-FR","potentialAction":[{"@type":"ReadAction","target":["https:\/\/peoplesphere.be\/fr\/hr-co-creation-day\/"]}]},{"@type":"BreadcrumbList","@id":"https:\/\/peoplesphere.be\/fr\/hr-co-creation-day\/#breadcrumb","itemListElement":[{"@type":"ListItem","position":1,"name":"Accueil","item":"https:\/\/peoplesphere.be\/fr\/"},{"@type":"ListItem","position":2,"name":"HR Co-Creation Day"}]},{"@type":"WebSite","@id":"https:\/\/peoplesphere.be\/fr\/#website","url":"https:\/\/peoplesphere.be\/fr\/","name":"Peoplesphere","description":"The People Managers Magazine","publisher":{"@id":"https:\/\/peoplesphere.be\/fr\/#organization"},"potentialAction":[{"@type":"SearchAction","target":{"@type":"EntryPoint","urlTemplate":"https:\/\/peoplesphere.be\/fr\/?s={search_term_string}"},"query-input":"required name=search_term_string"}],"inLanguage":"fr-FR"},{"@type":"Organization","@id":"https:\/\/peoplesphere.be\/fr\/#organization","name":"Peoplesphere Company srl","url":"https:\/\/peoplesphere.be\/fr\/","logo":{"@type":"ImageObject","inLanguage":"fr-FR","@id":"https:\/\/peoplesphere.be\/fr\/#\/schema\/logo\/image\/","url":"https:\/\/peoplesphere.be\/fr\/wp-content\/uploads\/2023\/07\/peoplesphere-lgo-new-generik.jpg","contentUrl":"https:\/\/peoplesphere.be\/fr\/wp-content\/uploads\/2023\/07\/peoplesphere-lgo-new-generik.jpg","width":1031,"height":1479,"caption":"Peoplesphere Company srl"},"image":{"@id":"https:\/\/peoplesphere.be\/fr\/#\/schema\/logo\/image\/"},"sameAs":["https:\/\/www.facebook.com\/peoplesphere","https:\/\/twitter.com\/PeoplesphereMag","https:\/\/www.linkedin.com\/company\/7587361?trk","http:\/\/youtube.com\/peoplesphere"]}]}},"_links":{"self":[{"href":"https:\/\/peoplesphere.be\/fr\/wp-json\/wp\/v2\/pages\/1190"}],"collection":[{"href":"https:\/\/peoplesphere.be\/fr\/wp-json\/wp\/v2\/pages"}],"about":[{"href":"https:\/\/peoplesphere.be\/fr\/wp-json\/wp\/v2\/types\/page"}],"author":[{"embeddable":true,"href":"https:\/\/peoplesphere.be\/fr\/wp-json\/wp\/v2\/users\/1"}],"replies":[{"embeddable":true,"href":"https:\/\/peoplesphere.be\/fr\/wp-json\/wp\/v2\/comments?post=1190"}],"version-history":[{"count":7,"href":"https:\/\/peoplesphere.be\/fr\/wp-json\/wp\/v2\/pages\/1190\/revisions"}],"predecessor-version":[{"id":1674,"href":"https:\/\/peoplesphere.be\/fr\/wp-json\/wp\/v2\/pages\/1190\/revisions\/1674"}],"wp:featuredmedia":[{"embeddable":true,"href":"https:\/\/peoplesphere.be\/fr\/wp-json\/wp\/v2\/media\/1671"}],"wp:attachment":[{"href":"https:\/\/peoplesphere.be\/fr\/wp-json\/wp\/v2\/media?parent=1190"}],"curies":[{"name":"wp","href":"https:\/\/api.w.org\/{rel}","templated":true}]}}