









{"id":165,"date":"2014-09-04T11:30:31","date_gmt":"2014-09-04T09:30:31","guid":{"rendered":"http:\/\/www.peoplesphere.be\/wp\/?page_id=165"},"modified":"2018-10-30T08:56:03","modified_gmt":"2018-10-30T06:56:03","slug":"abo","status":"publish","type":"page","link":"https:\/\/peoplesphere.be\/fr\/abo\/","title":{"rendered":"Abonnement Peoplesphere"},"content":{"rendered":"<div class=\"chapeau\">Peoplesphere est l&rsquo;outil indispensable des People Managers et professionnels du secteur des RH.<\/div>\n<p><img decoding=\"async\" loading=\"lazy\" style=\"float: left; margin-right: 15px;\" src=\"https:\/\/peoplesphere.be\/img\/ps-covers-fr.png\" alt=\"\" width=\"121\" height=\"137\" \/>Chaque mois, <strong>Peoplesphere<\/strong> (ex-RH Tribune) vous propose un dossier r\u00e9dactionnel complet sur un th\u00e8me \u00e0 l&rsquo;agenda des DRH, afin de promouvoir le partage des bonnes pratiques et rencontrer les principaux acteurs du march\u00e9. Chaque num\u00e9ro contient un Guide du Manager RH vous fournissant des \u00ab\u00a0tips &amp; tricks\u00a0\u00bb directement applicables, avec des rubriques r\u00e9currentes (droit social, life balance, fleet, l&rsquo;agenda des formations, etc.).<\/p>\n<p><strong>Peoplesphere<\/strong>, c&rsquo;est aussi des prises de position, l&rsquo;interview du mois, la rencontre-carri\u00e8re avec un DRH et bien d&rsquo;autres choses.<\/p>\n<p>Notre engagement? Vous fournir des articles de fond, de l&rsquo;analyse, des cas pratiques abordant tous les domaines d&rsquo;int\u00e9r\u00eat de la fonction ressources humaines de mani\u00e8re critique et pointue.<\/p>\n<p>Pour s&rsquo;abonner \u00e0 <strong>Peoplesphere<\/strong>, il vous suffit de remplir la demande d&rsquo;abonnement ci-dessous. Ne payez rien pour le moment, attendez de recevoir votre facture, que vous voudrez bien r\u00e9gler d\u00e8s\u00a0r\u00e9ception*.<\/p>\n<p>Pour plus d&rsquo;informations, contactez nous par email\u00a0via <a href=\"mailto:info@peoplesphere.be\">info@peoplesphere.be<\/a><\/p>\n<p><span class=\"note\">* L&rsquo;abonnement sera reconduit automatiquement chaque ann\u00e9e, sauf mention contraire de votre part un mois avant l&rsquo;\u00e9ch\u00e9ance.<\/span><\/p>\n\n<div class=\"wpcf7 no-js\" id=\"wpcf7-f3177-o1\" lang=\"fr-FR\" dir=\"ltr\">\n<div class=\"screen-reader-response\"><p role=\"status\" aria-live=\"polite\" aria-atomic=\"true\"><\/p> <ul><\/ul><\/div>\n<form action=\"\/fr\/wp-json\/wp\/v2\/pages\/165#wpcf7-f3177-o1\" method=\"post\" class=\"wpcf7-form init\" aria-label=\"Formulaire de contact\" novalidate=\"novalidate\" data-status=\"init\">\n<div style=\"display: none;\">\n<input type=\"hidden\" name=\"_wpcf7\" value=\"3177\" \/>\n<input type=\"hidden\" name=\"_wpcf7_version\" value=\"5.7.7\" \/>\n<input type=\"hidden\" name=\"_wpcf7_locale\" value=\"fr_FR\" \/>\n<input type=\"hidden\" name=\"_wpcf7_unit_tag\" value=\"wpcf7-f3177-o1\" \/>\n<input type=\"hidden\" name=\"_wpcf7_container_post\" value=\"0\" \/>\n<input type=\"hidden\" name=\"_wpcf7_posted_data_hash\" value=\"\" \/>\n<\/div>\n<h3>Type d'abonnement\n<\/h3>\n<p><span class=\"wpcf7-form-control-wrap\" data-name=\"abotype\"><span class=\"wpcf7-form-control wpcf7-radio abotype\"><span class=\"wpcf7-list-item first\"><input type=\"radio\" name=\"abotype\" value=\"L&#039;abonnement d&#039;un an \u00e0 Peoplesphere (10 num\u00e9ros en fran\u00e7ais) pour \u20ac179.25 (HTVA)\" checked=\"checked\" \/><span class=\"wpcf7-list-item-label\">L&#039;abonnement d&#039;un an \u00e0 Peoplesphere (10 num\u00e9ros en fran\u00e7ais) pour \u20ac179.25 (HTVA)<\/span><\/span><span class=\"wpcf7-list-item last\"><input type=\"radio\" name=\"abotype\" value=\"L&#039;abonnement national \u00e0 Peoplesphere (10 num\u00e9ros en fran\u00e7ais - 10 num\u00e9ros en n\u00e9erlandais) au tarif avantageux de \u20ac200 (HTVA). Le contenu r\u00e9dactionnel des deux \u00e9ditions est diff\u00e9rent adapt\u00e9 \u00e0 chaque communaut\u00e9 linguistique.\" \/><span class=\"wpcf7-list-item-label\">L&#039;abonnement national \u00e0 Peoplesphere (10 num\u00e9ros en fran\u00e7ais - 10 num\u00e9ros en n\u00e9erlandais) au tarif avantageux de \u20ac200 (HTVA). Le contenu r\u00e9dactionnel des deux \u00e9ditions est diff\u00e9rent adapt\u00e9 \u00e0 chaque communaut\u00e9 linguistique.<\/span><\/span><\/span><\/span>\n<\/p>\n<h3>Demande d'un:\n<\/h3>\n<p><span class=\"wpcf7-form-control-wrap\" data-name=\"abo\"><span class=\"wpcf7-form-control wpcf7-radio abo\"><span class=\"wpcf7-list-item first\"><input type=\"radio\" name=\"abo\" value=\"nouvel abonnement\" checked=\"checked\" \/><span class=\"wpcf7-list-item-label\">nouvel abonnement<\/span><\/span><span class=\"wpcf7-list-item last\"><input type=\"radio\" name=\"abo\" value=\"renouvellement\" \/><span class=\"wpcf7-list-item-label\">renouvellement<\/span><\/span><\/span><\/span>\n<\/p>\n<h3>Coordonn\u00e9es de l'abonn\u00e9\n<\/h3>\n<table width=\"480\" border=\"0\" cellspacing=\"0\" cellpadding=\"0\">\n\t<tr>\n\t\t<td>\n\t\t\t<p>Email:\n\t\t\t<\/p>\n\t\t<\/td>\n\t\t<td>\n\t\t\t<p><span class=\"wpcf7-form-control-wrap\" data-name=\"email\"><input size=\"40\" class=\"wpcf7-form-control wpcf7-text wpcf7-email wpcf7-validates-as-required wpcf7-validates-as-email\" aria-required=\"true\" aria-invalid=\"false\" value=\"\" type=\"email\" name=\"email\" \/><\/span>\n\t\t\t<\/p>\n\t\t<\/td>\n\t<\/tr>\n\t<tr>\n\t\t<td width=\"100\">\n\t\t\t<p>Pr\u00e9nom:\n\t\t\t<\/p>\n\t\t<\/td>\n\t\t<td>\n\t\t\t<p><span class=\"wpcf7-form-control-wrap\" data-name=\"prenom\"><input size=\"40\" class=\"wpcf7-form-control wpcf7-text wpcf7-validates-as-required\" aria-required=\"true\" aria-invalid=\"false\" value=\"\" type=\"text\" name=\"prenom\" \/><\/span>\n\t\t\t<\/p>\n\t\t<\/td>\n\t<\/tr>\n\t<tr>\n\t\t<td>\n\t\t\t<p>Nom:\n\t\t\t<\/p>\n\t\t<\/td>\n\t\t<td>\n\t\t\t<p><span class=\"wpcf7-form-control-wrap\" data-name=\"nom\"><input size=\"40\" class=\"wpcf7-form-control wpcf7-text wpcf7-validates-as-required\" aria-required=\"true\" aria-invalid=\"false\" value=\"\" type=\"text\" name=\"nom\" \/><\/span>\n\t\t\t<\/p>\n\t\t<\/td>\n\t<\/tr>\n\t<tr>\n\t\t<td>\n\t\t\t<p>Fonction:\n\t\t\t<\/p>\n\t\t<\/td>\n\t\t<td>\n\t\t\t<p><span class=\"wpcf7-form-control-wrap\" data-name=\"fonction\"><input size=\"40\" class=\"wpcf7-form-control wpcf7-text wpcf7-validates-as-required\" aria-required=\"true\" aria-invalid=\"false\" value=\"\" type=\"text\" name=\"fonction\" \/><\/span>\n\t\t\t<\/p>\n\t\t<\/td>\n\t<\/tr>\n\t<tr>\n\t\t<td>\n\t\t\t<p>Soci\u00e9t\u00e9:\n\t\t\t<\/p>\n\t\t<\/td>\n\t\t<td>\n\t\t\t<p><span class=\"wpcf7-form-control-wrap\" data-name=\"societe\"><input size=\"40\" class=\"wpcf7-form-control wpcf7-text wpcf7-validates-as-required\" aria-required=\"true\" aria-invalid=\"false\" value=\"\" type=\"text\" name=\"societe\" \/><\/span>\n\t\t\t<\/p>\n\t\t<\/td>\n\t<\/tr>\n\t<tr>\n\t\t<td>\n\t\t\t<p>Adresse:\n\t\t\t<\/p>\n\t\t<\/td>\n\t\t<td>\n\t\t\t<p><span class=\"wpcf7-form-control-wrap\" data-name=\"adresse\"><input size=\"40\" class=\"wpcf7-form-control wpcf7-text wpcf7-validates-as-required\" aria-required=\"true\" aria-invalid=\"false\" value=\"\" type=\"text\" name=\"adresse\" \/><\/span>\n\t\t\t<\/p>\n\t\t<\/td>\n\t<\/tr>\n\t<tr>\n\t\t<td>\n\t\t\t<p>Code postal:\n\t\t\t<\/p>\n\t\t<\/td>\n\t\t<td>\n\t\t\t<p><span class=\"wpcf7-form-control-wrap\" data-name=\"postcode\"><input size=\"40\" class=\"wpcf7-form-control wpcf7-text wpcf7-validates-as-required\" aria-required=\"true\" aria-invalid=\"false\" value=\"\" type=\"text\" name=\"postcode\" \/><\/span>\n\t\t\t<\/p>\n\t\t<\/td>\n\t<\/tr>\n\t<tr>\n\t\t<td>\n\t\t\t<p>Ville:\n\t\t\t<\/p>\n\t\t<\/td>\n\t\t<td>\n\t\t\t<p><span class=\"wpcf7-form-control-wrap\" data-name=\"ville\"><input size=\"40\" class=\"wpcf7-form-control wpcf7-text wpcf7-validates-as-required\" aria-required=\"true\" aria-invalid=\"false\" value=\"\" type=\"text\" name=\"ville\" \/><\/span>\n\t\t\t<\/p>\n\t\t<\/td>\n\t<\/tr>\n\t<tr>\n\t\t<td>\n\t\t\t<p>T\u00e9l:\n\t\t\t<\/p>\n\t\t<\/td>\n\t\t<td>\n\t\t\t<p><span class=\"wpcf7-form-control-wrap\" data-name=\"telephone\"><input size=\"40\" class=\"wpcf7-form-control wpcf7-text wpcf7-validates-as-required\" aria-required=\"true\" aria-invalid=\"false\" value=\"\" type=\"text\" name=\"telephone\" \/><\/span>\n\t\t\t<\/p>\n\t\t<\/td>\n\t<\/tr>\n\t<tr>\n\t\t<td>\n\t\t\t<p>Fax:\n\t\t\t<\/p>\n\t\t<\/td>\n\t\t<td>\n\t\t\t<p><span class=\"wpcf7-form-control-wrap\" data-name=\"fax\"><input size=\"40\" class=\"wpcf7-form-control wpcf7-text\" aria-invalid=\"false\" value=\"\" type=\"text\" name=\"fax\" \/><\/span>\n\t\t\t<\/p>\n\t\t<\/td>\n\t<\/tr>\n<\/table>\n<h3>Coordonn\u00e9es de livraison\n<\/h3>\n<table width=\"480\" border=\"0\" cellspacing=\"0\" cellpadding=\"0\">\n\t<tr>\n\t\t<td>\n\t\t\t<p>Soci\u00e9t\u00e9:\n\t\t\t<\/p>\n\t\t<\/td>\n\t\t<td>\n\t\t\t<p><span class=\"wpcf7-form-control-wrap\" data-name=\"liv-societe\"><input size=\"40\" class=\"wpcf7-form-control wpcf7-text\" aria-invalid=\"false\" value=\"\" type=\"text\" name=\"liv-societe\" \/><\/span>\n\t\t\t<\/p>\n\t\t<\/td>\n\t<\/tr>\n\t<tr>\n\t\t<td>\n\t\t\t<p>D\u00e9partement:\n\t\t\t<\/p>\n\t\t<\/td>\n\t\t<td>\n\t\t\t<p><span class=\"wpcf7-form-control-wrap\" data-name=\"liv-departement\"><input size=\"40\" class=\"wpcf7-form-control wpcf7-text\" aria-invalid=\"false\" value=\"\" type=\"text\" name=\"liv-departement\" \/><\/span>\n\t\t\t<\/p>\n\t\t<\/td>\n\t<\/tr>\n\t<tr>\n\t\t<td width=\"100\">\n\t\t\t<p>Pr\u00e9nom:\n\t\t\t<\/p>\n\t\t<\/td>\n\t\t<td>\n\t\t\t<p><span class=\"wpcf7-form-control-wrap\" data-name=\"liv-prenom\"><input size=\"40\" class=\"wpcf7-form-control wpcf7-text wpcf7-validates-as-required\" aria-required=\"true\" aria-invalid=\"false\" value=\"\" type=\"text\" name=\"liv-prenom\" \/><\/span>\n\t\t\t<\/p>\n\t\t<\/td>\n\t<\/tr>\n\t<tr>\n\t\t<td>\n\t\t\t<p>Nom:\n\t\t\t<\/p>\n\t\t<\/td>\n\t\t<td>\n\t\t\t<p><span class=\"wpcf7-form-control-wrap\" data-name=\"liv-nom\"><input size=\"40\" class=\"wpcf7-form-control wpcf7-text wpcf7-validates-as-required\" aria-required=\"true\" aria-invalid=\"false\" value=\"\" type=\"text\" name=\"liv-nom\" \/><\/span>\n\t\t\t<\/p>\n\t\t<\/td>\n\t<\/tr>\n\t<tr>\n\t\t<td>\n\t\t\t<p>Adresse:\n\t\t\t<\/p>\n\t\t<\/td>\n\t\t<td>\n\t\t\t<p><span class=\"wpcf7-form-control-wrap\" data-name=\"liv-adresse\"><input size=\"40\" class=\"wpcf7-form-control wpcf7-text wpcf7-validates-as-required\" aria-required=\"true\" aria-invalid=\"false\" value=\"\" type=\"text\" name=\"liv-adresse\" \/><\/span>\n\t\t\t<\/p>\n\t\t<\/td>\n\t<\/tr>\n\t<tr>\n\t\t<td>\n\t\t\t<p>Code postal:\n\t\t\t<\/p>\n\t\t<\/td>\n\t\t<td>\n\t\t\t<p><span class=\"wpcf7-form-control-wrap\" data-name=\"liv-cp\"><input size=\"40\" class=\"wpcf7-form-control wpcf7-text wpcf7-validates-as-required\" aria-required=\"true\" aria-invalid=\"false\" value=\"\" type=\"text\" name=\"liv-cp\" \/><\/span>\n\t\t\t<\/p>\n\t\t<\/td>\n\t<\/tr>\n\t<tr>\n\t\t<td>\n\t\t\t<p>Ville:\n\t\t\t<\/p>\n\t\t<\/td>\n\t\t<td>\n\t\t\t<p><span class=\"wpcf7-form-control-wrap\" data-name=\"liv-ville\"><input size=\"40\" class=\"wpcf7-form-control wpcf7-text wpcf7-validates-as-required\" aria-required=\"true\" aria-invalid=\"false\" value=\"\" type=\"text\" name=\"liv-ville\" \/><\/span>\n\t\t\t<\/p>\n\t\t<\/td>\n\t<\/tr>\n<\/table>\n<h3>Coordonn\u00e9es de facturation\n<\/h3>\n<table width=\"480\" border=\"0\" cellspacing=\"0\" cellpadding=\"0\">\n\t<tr>\n\t\t<td>\n\t\t\t<p>Soci\u00e9t\u00e9:\n\t\t\t<\/p>\n\t\t<\/td>\n\t\t<td>\n\t\t\t<p><span class=\"wpcf7-form-control-wrap\" data-name=\"fac-societe\"><input size=\"40\" class=\"wpcf7-form-control wpcf7-text\" aria-invalid=\"false\" value=\"\" type=\"text\" name=\"fac-societe\" \/><\/span>\n\t\t\t<\/p>\n\t\t<\/td>\n\t<\/tr>\n\t<tr>\n\t\t<td width=\"100\">\n\t\t\t<p>Pr\u00e9nom:\n\t\t\t<\/p>\n\t\t<\/td>\n\t\t<td>\n\t\t\t<p><span class=\"wpcf7-form-control-wrap\" data-name=\"fac-prenom\"><input size=\"40\" class=\"wpcf7-form-control wpcf7-text wpcf7-validates-as-required\" aria-required=\"true\" aria-invalid=\"false\" value=\"\" type=\"text\" name=\"fac-prenom\" \/><\/span>\n\t\t\t<\/p>\n\t\t<\/td>\n\t<\/tr>\n\t<tr>\n\t\t<td>\n\t\t\t<p>Nom:\n\t\t\t<\/p>\n\t\t<\/td>\n\t\t<td>\n\t\t\t<p><span class=\"wpcf7-form-control-wrap\" data-name=\"fac-nom\"><input size=\"40\" class=\"wpcf7-form-control wpcf7-text wpcf7-validates-as-required\" aria-required=\"true\" aria-invalid=\"false\" value=\"\" type=\"text\" name=\"fac-nom\" \/><\/span>\n\t\t\t<\/p>\n\t\t<\/td>\n\t<\/tr>\n\t<tr>\n\t\t<td>\n\t\t\t<p>Adresse:\n\t\t\t<\/p>\n\t\t<\/td>\n\t\t<td>\n\t\t\t<p><span class=\"wpcf7-form-control-wrap\" data-name=\"fac-adresse\"><input size=\"40\" class=\"wpcf7-form-control wpcf7-text wpcf7-validates-as-required\" aria-required=\"true\" aria-invalid=\"false\" value=\"\" type=\"text\" name=\"fac-adresse\" \/><\/span>\n\t\t\t<\/p>\n\t\t<\/td>\n\t<\/tr>\n\t<tr>\n\t\t<td>\n\t\t\t<p>Code postal:\n\t\t\t<\/p>\n\t\t<\/td>\n\t\t<td>\n\t\t\t<p><span class=\"wpcf7-form-control-wrap\" data-name=\"fac-cp\"><input size=\"40\" class=\"wpcf7-form-control wpcf7-text wpcf7-validates-as-required\" aria-required=\"true\" aria-invalid=\"false\" value=\"\" type=\"text\" name=\"fac-cp\" \/><\/span>\n\t\t\t<\/p>\n\t\t<\/td>\n\t<\/tr>\n\t<tr>\n\t\t<td>\n\t\t\t<p>Ville:\n\t\t\t<\/p>\n\t\t<\/td>\n\t\t<td>\n\t\t\t<p><span class=\"wpcf7-form-control-wrap\" data-name=\"fac-ville\"><input size=\"40\" class=\"wpcf7-form-control wpcf7-text wpcf7-validates-as-required\" aria-required=\"true\" aria-invalid=\"false\" value=\"\" type=\"text\" name=\"fac-ville\" \/><\/span>\n\t\t\t<\/p>\n\t\t<\/td>\n\t<\/tr>\n\t<tr>\n\t\t<td>\n\t\t\t<p>TVA:\n\t\t\t<\/p>\n\t\t<\/td>\n\t\t<td>\n\t\t\t<p><span class=\"wpcf7-form-control-wrap\" data-name=\"fac-tva\"><input size=\"40\" class=\"wpcf7-form-control wpcf7-text\" aria-invalid=\"false\" value=\"\" type=\"text\" name=\"fac-tva\" \/><\/span>\n\t\t\t<\/p>\n\t\t<\/td>\n\t<\/tr>\n<\/table>\n<p><b>Politique de confidentialit\u00e9<\/b><br \/>\nVotre adresse mail est enregistr\u00e9e dans un fichier informatis\u00e9 conform\u00e9ment \u00e0 notre <a href=\"http:\/\/www.peoplesphere.be\/nl\/privacy-policy\/\" target=\"_blank\">politique de confidentialit\u00e9<\/a>.<br \/>\n<span class=\"wpcf7-form-control-wrap\" data-name=\"rgpd\"><span class=\"wpcf7-form-control wpcf7-checkbox wpcf7-validates-as-required\"><span class=\"wpcf7-list-item first last\"><input type=\"checkbox\" name=\"rgpd[]\" value=\"J&#039;accepte de recevoir la newsletter et les offres personnalis\u00e9es de Peoplesphere. Je peux me d\u00e9sinscrire \u00e0 tout moment sur simple demande par mail ou \u00e0 travers les liens de d\u00e9sinscription.\" \/><span class=\"wpcf7-list-item-label\">J&#039;accepte de recevoir la newsletter et les offres personnalis\u00e9es de Peoplesphere. Je peux me d\u00e9sinscrire \u00e0 tout moment sur simple demande par mail ou \u00e0 travers les liens de d\u00e9sinscription.<\/span><\/span><\/span><\/span>\n<\/p>\n<p>[recaptcha class:captcha]\n<\/p>\n<p><input class=\"wpcf7-form-control has-spinner wpcf7-submit\" type=\"submit\" value=\"Je m&#039;abonne\" \/>\n<\/p><p style=\"display: none !important;\"><label>&#916;<textarea name=\"_wpcf7_ak_hp_textarea\" cols=\"45\" rows=\"8\" maxlength=\"100\"><\/textarea><\/label><input type=\"hidden\" id=\"ak_js_1\" name=\"_wpcf7_ak_js\" value=\"28\"\/><script>document.getElementById( \"ak_js_1\" ).setAttribute( \"value\", ( new Date() ).getTime() );<\/script><\/p><div class=\"wpcf7-response-output\" aria-hidden=\"true\"><\/div>\n<\/form>\n<\/div>\n\n","protected":false},"excerpt":{"rendered":"<p>Peoplesphere est l&rsquo;outil indispensable des People Managers et professionnels du secteur des RH. Chaque mois, Peoplesphere (ex-RH Tribune) vous propose un dossier r\u00e9dactionnel complet sur un th\u00e8me \u00e0 l&rsquo;agenda des DRH, afin de promouvoir le partage des bonnes pratiques et [&hellip;]<\/p>\n","protected":false},"author":1,"featured_media":0,"parent":0,"menu_order":0,"comment_status":"closed","ping_status":"open","template":"","meta":[],"yoast_head":"<!-- This site is optimized with the Yoast SEO plugin v21.0 - https:\/\/yoast.com\/wordpress\/plugins\/seo\/ -->\n<title>Abonnement Peoplesphere - Peoplesphere<\/title>\n<meta name=\"robots\" content=\"index, follow, max-snippet:-1, max-image-preview:large, max-video-preview:-1\" \/>\n<link rel=\"canonical\" href=\"https:\/\/peoplesphere.be\/fr\/abo\/\" \/>\n<meta property=\"og:locale\" content=\"fr_FR\" \/>\n<meta property=\"og:type\" content=\"article\" \/>\n<meta property=\"og:title\" content=\"Abonnement Peoplesphere - Peoplesphere\" \/>\n<meta property=\"og:description\" content=\"Peoplesphere est l&rsquo;outil indispensable des People Managers et professionnels du secteur des RH. Chaque mois, Peoplesphere (ex-RH Tribune) vous propose un dossier r\u00e9dactionnel complet sur un th\u00e8me \u00e0 l&rsquo;agenda des DRH, afin de promouvoir le partage des bonnes pratiques et [&hellip;]\" \/>\n<meta property=\"og:url\" content=\"https:\/\/peoplesphere.be\/fr\/abo\/\" \/>\n<meta property=\"og:site_name\" content=\"Peoplesphere\" \/>\n<meta property=\"article:publisher\" content=\"https:\/\/www.facebook.com\/peoplesphere\" \/>\n<meta property=\"article:modified_time\" content=\"2018-10-30T06:56:03+00:00\" \/>\n<meta property=\"og:image\" content=\"https:\/\/peoplesphere.be\/img\/ps-covers-fr.png\" \/>\n<meta name=\"twitter:card\" content=\"summary_large_image\" \/>\n<meta name=\"twitter:site\" content=\"@PeoplesphereMag\" \/>\n<meta name=\"twitter:label1\" content=\"Dur\u00e9e de lecture estim\u00e9e\" \/>\n\t<meta name=\"twitter:data1\" content=\"1 minute\" \/>\n<script type=\"application\/ld+json\" class=\"yoast-schema-graph\">{\"@context\":\"https:\/\/schema.org\",\"@graph\":[{\"@type\":\"WebPage\",\"@id\":\"https:\/\/peoplesphere.be\/fr\/abo\/\",\"url\":\"https:\/\/peoplesphere.be\/fr\/abo\/\",\"name\":\"Abonnement Peoplesphere - Peoplesphere\",\"isPartOf\":{\"@id\":\"https:\/\/peoplesphere.be\/fr\/#website\"},\"datePublished\":\"2014-09-04T09:30:31+00:00\",\"dateModified\":\"2018-10-30T06:56:03+00:00\",\"breadcrumb\":{\"@id\":\"https:\/\/peoplesphere.be\/fr\/abo\/#breadcrumb\"},\"inLanguage\":\"fr-FR\",\"potentialAction\":[{\"@type\":\"ReadAction\",\"target\":[\"https:\/\/peoplesphere.be\/fr\/abo\/\"]}]},{\"@type\":\"BreadcrumbList\",\"@id\":\"https:\/\/peoplesphere.be\/fr\/abo\/#breadcrumb\",\"itemListElement\":[{\"@type\":\"ListItem\",\"position\":1,\"name\":\"Accueil\",\"item\":\"https:\/\/peoplesphere.be\/fr\/\"},{\"@type\":\"ListItem\",\"position\":2,\"name\":\"Abonnement Peoplesphere\"}]},{\"@type\":\"WebSite\",\"@id\":\"https:\/\/peoplesphere.be\/fr\/#website\",\"url\":\"https:\/\/peoplesphere.be\/fr\/\",\"name\":\"Peoplesphere\",\"description\":\"The People Managers Magazine\",\"publisher\":{\"@id\":\"https:\/\/peoplesphere.be\/fr\/#organization\"},\"potentialAction\":[{\"@type\":\"SearchAction\",\"target\":{\"@type\":\"EntryPoint\",\"urlTemplate\":\"https:\/\/peoplesphere.be\/fr\/?s={search_term_string}\"},\"query-input\":\"required name=search_term_string\"}],\"inLanguage\":\"fr-FR\"},{\"@type\":\"Organization\",\"@id\":\"https:\/\/peoplesphere.be\/fr\/#organization\",\"name\":\"Peoplesphere Company srl\",\"url\":\"https:\/\/peoplesphere.be\/fr\/\",\"logo\":{\"@type\":\"ImageObject\",\"inLanguage\":\"fr-FR\",\"@id\":\"https:\/\/peoplesphere.be\/fr\/#\/schema\/logo\/image\/\",\"url\":\"https:\/\/peoplesphere.be\/fr\/wp-content\/uploads\/2023\/07\/peoplesphere-lgo-new-generik.jpg\",\"contentUrl\":\"https:\/\/peoplesphere.be\/fr\/wp-content\/uploads\/2023\/07\/peoplesphere-lgo-new-generik.jpg\",\"width\":1031,\"height\":1479,\"caption\":\"Peoplesphere Company srl\"},\"image\":{\"@id\":\"https:\/\/peoplesphere.be\/fr\/#\/schema\/logo\/image\/\"},\"sameAs\":[\"https:\/\/www.facebook.com\/peoplesphere\",\"https:\/\/twitter.com\/PeoplesphereMag\",\"https:\/\/www.linkedin.com\/company\/7587361?trk\",\"http:\/\/youtube.com\/peoplesphere\"]}]}<\/script>\n<!-- \/ Yoast SEO plugin. -->","yoast_head_json":{"title":"Abonnement Peoplesphere - Peoplesphere","robots":{"index":"index","follow":"follow","max-snippet":"max-snippet:-1","max-image-preview":"max-image-preview:large","max-video-preview":"max-video-preview:-1"},"canonical":"https:\/\/peoplesphere.be\/fr\/abo\/","og_locale":"fr_FR","og_type":"article","og_title":"Abonnement Peoplesphere - Peoplesphere","og_description":"Peoplesphere est l&rsquo;outil indispensable des People Managers et professionnels du secteur des RH. Chaque mois, Peoplesphere (ex-RH Tribune) vous propose un dossier r\u00e9dactionnel complet sur un th\u00e8me \u00e0 l&rsquo;agenda des DRH, afin de promouvoir le partage des bonnes pratiques et [&hellip;]","og_url":"https:\/\/peoplesphere.be\/fr\/abo\/","og_site_name":"Peoplesphere","article_publisher":"https:\/\/www.facebook.com\/peoplesphere","article_modified_time":"2018-10-30T06:56:03+00:00","og_image":[{"url":"https:\/\/peoplesphere.be\/img\/ps-covers-fr.png"}],"twitter_card":"summary_large_image","twitter_site":"@PeoplesphereMag","twitter_misc":{"Dur\u00e9e de lecture estim\u00e9e":"1 minute"},"schema":{"@context":"https:\/\/schema.org","@graph":[{"@type":"WebPage","@id":"https:\/\/peoplesphere.be\/fr\/abo\/","url":"https:\/\/peoplesphere.be\/fr\/abo\/","name":"Abonnement Peoplesphere - Peoplesphere","isPartOf":{"@id":"https:\/\/peoplesphere.be\/fr\/#website"},"datePublished":"2014-09-04T09:30:31+00:00","dateModified":"2018-10-30T06:56:03+00:00","breadcrumb":{"@id":"https:\/\/peoplesphere.be\/fr\/abo\/#breadcrumb"},"inLanguage":"fr-FR","potentialAction":[{"@type":"ReadAction","target":["https:\/\/peoplesphere.be\/fr\/abo\/"]}]},{"@type":"BreadcrumbList","@id":"https:\/\/peoplesphere.be\/fr\/abo\/#breadcrumb","itemListElement":[{"@type":"ListItem","position":1,"name":"Accueil","item":"https:\/\/peoplesphere.be\/fr\/"},{"@type":"ListItem","position":2,"name":"Abonnement Peoplesphere"}]},{"@type":"WebSite","@id":"https:\/\/peoplesphere.be\/fr\/#website","url":"https:\/\/peoplesphere.be\/fr\/","name":"Peoplesphere","description":"The People Managers Magazine","publisher":{"@id":"https:\/\/peoplesphere.be\/fr\/#organization"},"potentialAction":[{"@type":"SearchAction","target":{"@type":"EntryPoint","urlTemplate":"https:\/\/peoplesphere.be\/fr\/?s={search_term_string}"},"query-input":"required name=search_term_string"}],"inLanguage":"fr-FR"},{"@type":"Organization","@id":"https:\/\/peoplesphere.be\/fr\/#organization","name":"Peoplesphere Company srl","url":"https:\/\/peoplesphere.be\/fr\/","logo":{"@type":"ImageObject","inLanguage":"fr-FR","@id":"https:\/\/peoplesphere.be\/fr\/#\/schema\/logo\/image\/","url":"https:\/\/peoplesphere.be\/fr\/wp-content\/uploads\/2023\/07\/peoplesphere-lgo-new-generik.jpg","contentUrl":"https:\/\/peoplesphere.be\/fr\/wp-content\/uploads\/2023\/07\/peoplesphere-lgo-new-generik.jpg","width":1031,"height":1479,"caption":"Peoplesphere Company srl"},"image":{"@id":"https:\/\/peoplesphere.be\/fr\/#\/schema\/logo\/image\/"},"sameAs":["https:\/\/www.facebook.com\/peoplesphere","https:\/\/twitter.com\/PeoplesphereMag","https:\/\/www.linkedin.com\/company\/7587361?trk","http:\/\/youtube.com\/peoplesphere"]}]}},"_links":{"self":[{"href":"https:\/\/peoplesphere.be\/fr\/wp-json\/wp\/v2\/pages\/165"}],"collection":[{"href":"https:\/\/peoplesphere.be\/fr\/wp-json\/wp\/v2\/pages"}],"about":[{"href":"https:\/\/peoplesphere.be\/fr\/wp-json\/wp\/v2\/types\/page"}],"author":[{"embeddable":true,"href":"https:\/\/peoplesphere.be\/fr\/wp-json\/wp\/v2\/users\/1"}],"replies":[{"embeddable":true,"href":"https:\/\/peoplesphere.be\/fr\/wp-json\/wp\/v2\/comments?post=165"}],"version-history":[{"count":35,"href":"https:\/\/peoplesphere.be\/fr\/wp-json\/wp\/v2\/pages\/165\/revisions"}],"predecessor-version":[{"id":6824,"href":"https:\/\/peoplesphere.be\/fr\/wp-json\/wp\/v2\/pages\/165\/revisions\/6824"}],"wp:attachment":[{"href":"https:\/\/peoplesphere.be\/fr\/wp-json\/wp\/v2\/media?parent=165"}],"curies":[{"name":"wp","href":"https:\/\/api.w.org\/{rel}","templated":true}]}}