









{"id":4939,"date":"2017-10-05T09:17:57","date_gmt":"2017-10-05T07:17:57","guid":{"rendered":"http:\/\/www.peoplesphere.be\/fr\/?page_id=4939"},"modified":"2018-05-17T10:23:25","modified_gmt":"2018-05-17T08:23:25","slug":"conditions-de-vente-abonnements-archives","status":"publish","type":"page","link":"https:\/\/peoplesphere.be\/fr\/conditions-de-vente-abonnements-archives\/","title":{"rendered":"Conditions de vente \u2013 Abonnements &#038; archives"},"content":{"rendered":"<p>Les pr\u00e9sentes conditions de vente s&rsquo;appliquent de plein droit \u00e0 l\u2019exclusion de toutes autres conditions et sans restriction \u00e0 toutes les commandes effectu\u00e9es. Elles sont susceptibles de modifications sans pr\u00e9avis. La confirmation de la commande par le client implique son adh\u00e9sion sans r\u00e9serve aux pr\u00e9sentes conditions de vente.<\/p>\n<p><strong>TARIF<\/strong><br \/>\n<strong>1.<\/strong> Les tarifs sont disponibles sur le site web de Peoplesphere (www.peoplesphere.be) ou communiqu\u00e9s sur simple demande. Tous les tarifs sont susceptibles de modification sans pr\u00e9avis. Ils sont valid\u00e9s uniquement apr\u00e8s confirmation de notre part du r\u00e8glement demand\u00e9.<\/p>\n<p><strong>2.<\/strong> Aucune r\u00e9duction n&rsquo;est propos\u00e9e directement. Les \u00e9ventuelles r\u00e9ductions et op\u00e9rations de promotion organis\u00e9es sont annonc\u00e9es par voie digitale (site web et emailing \u00e9ventuel). Il appartient aux clients qui entendent s&rsquo;en pr\u00e9valoir d&rsquo;en r\u00e9clamer l&rsquo;application au moment de la souscription \u00e0 l\u2019abonnement \/ de la commande.<\/p>\n<p><strong>3.<\/strong> Toute commande valid\u00e9e rend la vente ferme et d\u00e9finitive. Toute modification ou annulation de l\u2019achat est alors impossible. Les donn\u00e9es enregistr\u00e9es par Peoplesphere constituent la preuve de l\u2019ensemble des transactions pass\u00e9es par Peoplesphere et ses clients.<\/p>\n<p><strong>4.<\/strong> Peoplesphere n&rsquo;est pas li\u00e9e par les majorations de prix qui peuvent \u00eatre pratiqu\u00e9es par des interm\u00e9diaires. Seuls le num\u00e9ro de l\u2019abonnement est pris en compte pour la distribution de celui-ci.<\/p>\n<p><strong>5.<\/strong> Les abonnements souscrits ne peuvent \u00eatre rembours\u00e9s (notamment en cas de changement de fonction ou de destinataire), ni \u00e9chang\u00e9s, ni revendus. Ils sont valables uniquement pour la soci\u00e9t\u00e9 \/ personne physique pour laquelle ils ont \u00e9t\u00e9 souscrits. En cas d&rsquo;annulation de la publication de notre fait ou interruption pendant la p\u00e9riode initiale d\u2019abonnement, ils peuvent \u00eatre \u00e9chang\u00e9s pour une autre p\u00e9riode. En cas d&rsquo;interruption d&rsquo;une publication apr\u00e8s la premi\u00e8re moiti\u00e9 de la p\u00e9riode d\u2019abonnement, ils ne pourraient \u00eatre ni \u00e9chang\u00e9s pour une autre p\u00e9riode, ni rembours\u00e9s. Tout d\u00e9tenteur d\u2019un abonnement s\u2019interdit de l\u2019utiliser \u00e0 des fins promotionnelles ou commerciales quelles qu\u2019elles soient sous peine de s\u2019exposer \u00e0 d\u2019\u00e9ventuelles poursuites judiciaires.<\/p>\n<p><strong>6.<\/strong> Nos prix sont \u00e9tablis en euros toutes taxes comprises et nous n&rsquo;acceptons les r\u00e8glements effectu\u00e9s dans d&rsquo;autres monnaies, m\u00eame pour la contre-valeur exacte de ces prix. Les frais li\u00e9s aux virements bancaires ou postaux sont \u00e0 la charge du client.<\/p>\n<p><strong>SOUSCRIPTION &#8211; D\u00c9LAIS DE PAIEMENT<\/strong><br \/>\n<strong>7.<\/strong> Nous n&rsquo;acceptons aucun d\u00e9lai de payement. Les abonnements ne sont garantis qu&rsquo;\u00e0 r\u00e9ception de leur r\u00e8glement int\u00e9gral. Ils ne sont d\u00e9livr\u00e9s que contre paiement int\u00e9gral de leur montant et des frais annexes \u00e9ventuels.<\/p>\n<p><strong>R\u00c9DUCTIONS<\/strong><br \/>\n<strong>8.<\/strong> Les r\u00e9ductions ne sont pas cumulables.<\/p>\n<p><strong>MODIFICATION, ANNULATION, REPRISE, ECHANGE, VENTE<\/strong><br \/>\n<strong>9.<\/strong> Peoplesphere ne peut \u00eatre tenue pour responsable :<br \/>\n&#8211; en cas d\u2019annulation ou de report d\u2019un \u00e9v\u00e9nement\/s\u00e9minaire auquel l\u2019acc\u00e8s gratuit ou \u00e0 tarif pr\u00e9f\u00e9rentiel est propos\u00e9 par Peoplesphere<br \/>\n&#8211; du contenu du s\u00e9minaire\/de l\u2019\u00e9v\u00e9nement<br \/>\n&#8211; du changement de la programmation<br \/>\n&#8211; du changement des horaires du s\u00e9minaire \/ de l\u2019\u00e9v\u00e9nement<br \/>\n&#8211; du changement dans l\u2019attribution des participations offertes \u00e0 un s\u00e9minaire \/ \u00e9v\u00e9nement.<br \/>\nLe b\u00e9n\u00e9ficiaire de la r\u00e9duction \/ gratuit\u00e9 doit se conformer aux r\u00e8glements et aux us de l\u2019organisateur, quel que soit le s\u00e9minaire \/ \u00e9v\u00e9nement.<\/p>\n<p><strong>10.<\/strong> Nous n&rsquo;acceptons aucune annulation apr\u00e8s paiement des abonnements par le client. La jurisprudence consid\u00e8re que le rapport qui s&rsquo;\u00e9tablit entre Peoplesphere et le client qui ach\u00e8te un abonnement, quel que soit ensuite le mode de paiement (esp\u00e8ces, ch\u00e8que, carte de cr\u00e9dit, virement), est un rapport contractuel. Dans ces conditions, ce n&rsquo;est que si Peoplesphere ne remplit pas son obligation que le client peut demander le remboursement ou contester le contrat.<\/p>\n<p><strong>11.<\/strong> La Monnaie se r\u00e9serve le droit de refuser la souscription \u00e0 l\u2019abonnement, tenant compte notamment d\u2019une utilisation abusive de celui-ci et de non-respect de la r\u00e9glementation en vigueur concernant les droits d\u2019auteur.<\/p>\n<p><strong>R\u00c9CLAMATIONS \u2013 LITIGES<\/strong><br \/>\n<strong>12.<\/strong> Toute contestation, quelle qu&rsquo;en soit la nature doit \u00eatre formul\u00e9e par. Aucune r\u00e9clamation t\u00e9l\u00e9phonique ne pourra \u00eatre prise en compte.<\/p>\n<p><strong>13.<\/strong> Nous nous r\u00e9servons la possibilit\u00e9 d&rsquo;apporter toute modification dans l&rsquo;ordre, la dur\u00e9e et la distribution de l\u2019abonnement. D&rsquo;autre part, nous nous r\u00e9servons le droit d&rsquo;annuler toute publication qui ne pourrait avoir lieu si des cas fortuits ou des cas de force majeure nous y contraignaient tels que (et sans que cette liste ne soit exhaustive) intemp\u00e9ries, gr\u00e8ves, incendie, d\u00e9g\u00e2t des eaux, maladie, etc&#8230; Dans une telle hypoth\u00e8se nous proposerions une autre date de publication.<\/p>\n<p><strong>14.<\/strong> Les abonnements ne donnent aucun droit \u00e0 une duplication \u00e9ventuelle de la publication. Toute copie, sous quelque forme que ce soit, y compris photographique est strictement interdite. Nous nous r\u00e9servons le droit d&rsquo;entamer une proc\u00e9dure en r\u00e9paration des pr\u00e9judices subis.<\/p>\n<p><strong>CONFIDENTIALIT\u00c9<\/strong><br \/>\n<strong>15.<\/strong> Les informations confidentielles que vous nous communiquez sont \u00e0 l\u2019usage exclusif de Peoplesphere.<\/p>\n<p><strong>DROIT APPLICABLE AUX LITIGES<\/strong><br \/>\n<strong>24.<\/strong> Le pr\u00e9sent contrat de vente d\u2019abonnements est soumis \u00e0 la loi belge. En cas de litige seuls les tribunaux de Nivelles sont comp\u00e9tents.<\/p>\n<p><em>Peoplesphere \u2013 mRH sprl<\/em><\/p>\n","protected":false},"excerpt":{"rendered":"<p>Les pr\u00e9sentes conditions de vente s&rsquo;appliquent de plein droit \u00e0 l\u2019exclusion de toutes autres conditions et sans restriction \u00e0 toutes les commandes effectu\u00e9es. Elles sont susceptibles de modifications sans pr\u00e9avis. La confirmation de la commande par le client implique son [&hellip;]<\/p>\n","protected":false},"author":1,"featured_media":0,"parent":0,"menu_order":0,"comment_status":"closed","ping_status":"closed","template":"","meta":[],"yoast_head":"<!-- This site is optimized with the Yoast SEO plugin v21.0 - https:\/\/yoast.com\/wordpress\/plugins\/seo\/ -->\n<title>Conditions de vente \u2013 Abonnements &amp; archives - Peoplesphere<\/title>\n<meta name=\"robots\" content=\"index, follow, max-snippet:-1, max-image-preview:large, max-video-preview:-1\" \/>\n<link rel=\"canonical\" href=\"https:\/\/peoplesphere.be\/fr\/conditions-de-vente-abonnements-archives\/\" \/>\n<meta property=\"og:locale\" content=\"fr_FR\" \/>\n<meta property=\"og:type\" content=\"article\" \/>\n<meta property=\"og:title\" content=\"Conditions de vente \u2013 Abonnements &amp; archives - Peoplesphere\" \/>\n<meta property=\"og:description\" content=\"Les pr\u00e9sentes conditions de vente s&rsquo;appliquent de plein droit \u00e0 l\u2019exclusion de toutes autres conditions et sans restriction \u00e0 toutes les commandes effectu\u00e9es. Elles sont susceptibles de modifications sans pr\u00e9avis. La confirmation de la commande par le client implique son [&hellip;]\" \/>\n<meta property=\"og:url\" content=\"https:\/\/peoplesphere.be\/fr\/conditions-de-vente-abonnements-archives\/\" \/>\n<meta property=\"og:site_name\" content=\"Peoplesphere\" \/>\n<meta property=\"article:publisher\" content=\"https:\/\/www.facebook.com\/peoplesphere\" \/>\n<meta property=\"article:modified_time\" content=\"2018-05-17T08:23:25+00:00\" \/>\n<meta property=\"og:image\" content=\"http:\/\/www.peoplesphere.be\/fr\/wp-content\/uploads\/2016\/07\/facebook-default-posting-1200x628px.jpg\" \/>\n<meta name=\"twitter:card\" content=\"summary_large_image\" \/>\n<meta name=\"twitter:site\" content=\"@PeoplesphereMag\" \/>\n<meta name=\"twitter:label1\" content=\"Dur\u00e9e de lecture estim\u00e9e\" \/>\n\t<meta name=\"twitter:data1\" content=\"4 minutes\" \/>\n<script type=\"application\/ld+json\" class=\"yoast-schema-graph\">{\"@context\":\"https:\/\/schema.org\",\"@graph\":[{\"@type\":\"WebPage\",\"@id\":\"https:\/\/peoplesphere.be\/fr\/conditions-de-vente-abonnements-archives\/\",\"url\":\"https:\/\/peoplesphere.be\/fr\/conditions-de-vente-abonnements-archives\/\",\"name\":\"Conditions de vente \u2013 Abonnements & archives - Peoplesphere\",\"isPartOf\":{\"@id\":\"https:\/\/peoplesphere.be\/fr\/#website\"},\"datePublished\":\"2017-10-05T07:17:57+00:00\",\"dateModified\":\"2018-05-17T08:23:25+00:00\",\"breadcrumb\":{\"@id\":\"https:\/\/peoplesphere.be\/fr\/conditions-de-vente-abonnements-archives\/#breadcrumb\"},\"inLanguage\":\"fr-FR\",\"potentialAction\":[{\"@type\":\"ReadAction\",\"target\":[\"https:\/\/peoplesphere.be\/fr\/conditions-de-vente-abonnements-archives\/\"]}]},{\"@type\":\"BreadcrumbList\",\"@id\":\"https:\/\/peoplesphere.be\/fr\/conditions-de-vente-abonnements-archives\/#breadcrumb\",\"itemListElement\":[{\"@type\":\"ListItem\",\"position\":1,\"name\":\"Accueil\",\"item\":\"https:\/\/peoplesphere.be\/fr\/\"},{\"@type\":\"ListItem\",\"position\":2,\"name\":\"Conditions de vente \u2013 Abonnements &#038; archives\"}]},{\"@type\":\"WebSite\",\"@id\":\"https:\/\/peoplesphere.be\/fr\/#website\",\"url\":\"https:\/\/peoplesphere.be\/fr\/\",\"name\":\"Peoplesphere\",\"description\":\"The People Managers Magazine\",\"publisher\":{\"@id\":\"https:\/\/peoplesphere.be\/fr\/#organization\"},\"potentialAction\":[{\"@type\":\"SearchAction\",\"target\":{\"@type\":\"EntryPoint\",\"urlTemplate\":\"https:\/\/peoplesphere.be\/fr\/?s={search_term_string}\"},\"query-input\":\"required name=search_term_string\"}],\"inLanguage\":\"fr-FR\"},{\"@type\":\"Organization\",\"@id\":\"https:\/\/peoplesphere.be\/fr\/#organization\",\"name\":\"Peoplesphere Company srl\",\"url\":\"https:\/\/peoplesphere.be\/fr\/\",\"logo\":{\"@type\":\"ImageObject\",\"inLanguage\":\"fr-FR\",\"@id\":\"https:\/\/peoplesphere.be\/fr\/#\/schema\/logo\/image\/\",\"url\":\"https:\/\/peoplesphere.be\/fr\/wp-content\/uploads\/2023\/07\/peoplesphere-lgo-new-generik.jpg\",\"contentUrl\":\"https:\/\/peoplesphere.be\/fr\/wp-content\/uploads\/2023\/07\/peoplesphere-lgo-new-generik.jpg\",\"width\":1031,\"height\":1479,\"caption\":\"Peoplesphere Company srl\"},\"image\":{\"@id\":\"https:\/\/peoplesphere.be\/fr\/#\/schema\/logo\/image\/\"},\"sameAs\":[\"https:\/\/www.facebook.com\/peoplesphere\",\"https:\/\/twitter.com\/PeoplesphereMag\",\"https:\/\/www.linkedin.com\/company\/7587361?trk\",\"http:\/\/youtube.com\/peoplesphere\"]}]}<\/script>\n<!-- \/ Yoast SEO plugin. -->","yoast_head_json":{"title":"Conditions de vente \u2013 Abonnements & archives - Peoplesphere","robots":{"index":"index","follow":"follow","max-snippet":"max-snippet:-1","max-image-preview":"max-image-preview:large","max-video-preview":"max-video-preview:-1"},"canonical":"https:\/\/peoplesphere.be\/fr\/conditions-de-vente-abonnements-archives\/","og_locale":"fr_FR","og_type":"article","og_title":"Conditions de vente \u2013 Abonnements & archives - Peoplesphere","og_description":"Les pr\u00e9sentes conditions de vente s&rsquo;appliquent de plein droit \u00e0 l\u2019exclusion de toutes autres conditions et sans restriction \u00e0 toutes les commandes effectu\u00e9es. Elles sont susceptibles de modifications sans pr\u00e9avis. La confirmation de la commande par le client implique son [&hellip;]","og_url":"https:\/\/peoplesphere.be\/fr\/conditions-de-vente-abonnements-archives\/","og_site_name":"Peoplesphere","article_publisher":"https:\/\/www.facebook.com\/peoplesphere","article_modified_time":"2018-05-17T08:23:25+00:00","og_image":[{"url":"http:\/\/www.peoplesphere.be\/fr\/wp-content\/uploads\/2016\/07\/facebook-default-posting-1200x628px.jpg"}],"twitter_card":"summary_large_image","twitter_site":"@PeoplesphereMag","twitter_misc":{"Dur\u00e9e de lecture estim\u00e9e":"4 minutes"},"schema":{"@context":"https:\/\/schema.org","@graph":[{"@type":"WebPage","@id":"https:\/\/peoplesphere.be\/fr\/conditions-de-vente-abonnements-archives\/","url":"https:\/\/peoplesphere.be\/fr\/conditions-de-vente-abonnements-archives\/","name":"Conditions de vente \u2013 Abonnements & archives - Peoplesphere","isPartOf":{"@id":"https:\/\/peoplesphere.be\/fr\/#website"},"datePublished":"2017-10-05T07:17:57+00:00","dateModified":"2018-05-17T08:23:25+00:00","breadcrumb":{"@id":"https:\/\/peoplesphere.be\/fr\/conditions-de-vente-abonnements-archives\/#breadcrumb"},"inLanguage":"fr-FR","potentialAction":[{"@type":"ReadAction","target":["https:\/\/peoplesphere.be\/fr\/conditions-de-vente-abonnements-archives\/"]}]},{"@type":"BreadcrumbList","@id":"https:\/\/peoplesphere.be\/fr\/conditions-de-vente-abonnements-archives\/#breadcrumb","itemListElement":[{"@type":"ListItem","position":1,"name":"Accueil","item":"https:\/\/peoplesphere.be\/fr\/"},{"@type":"ListItem","position":2,"name":"Conditions de vente \u2013 Abonnements &#038; archives"}]},{"@type":"WebSite","@id":"https:\/\/peoplesphere.be\/fr\/#website","url":"https:\/\/peoplesphere.be\/fr\/","name":"Peoplesphere","description":"The People Managers Magazine","publisher":{"@id":"https:\/\/peoplesphere.be\/fr\/#organization"},"potentialAction":[{"@type":"SearchAction","target":{"@type":"EntryPoint","urlTemplate":"https:\/\/peoplesphere.be\/fr\/?s={search_term_string}"},"query-input":"required name=search_term_string"}],"inLanguage":"fr-FR"},{"@type":"Organization","@id":"https:\/\/peoplesphere.be\/fr\/#organization","name":"Peoplesphere Company srl","url":"https:\/\/peoplesphere.be\/fr\/","logo":{"@type":"ImageObject","inLanguage":"fr-FR","@id":"https:\/\/peoplesphere.be\/fr\/#\/schema\/logo\/image\/","url":"https:\/\/peoplesphere.be\/fr\/wp-content\/uploads\/2023\/07\/peoplesphere-lgo-new-generik.jpg","contentUrl":"https:\/\/peoplesphere.be\/fr\/wp-content\/uploads\/2023\/07\/peoplesphere-lgo-new-generik.jpg","width":1031,"height":1479,"caption":"Peoplesphere Company srl"},"image":{"@id":"https:\/\/peoplesphere.be\/fr\/#\/schema\/logo\/image\/"},"sameAs":["https:\/\/www.facebook.com\/peoplesphere","https:\/\/twitter.com\/PeoplesphereMag","https:\/\/www.linkedin.com\/company\/7587361?trk","http:\/\/youtube.com\/peoplesphere"]}]}},"_links":{"self":[{"href":"https:\/\/peoplesphere.be\/fr\/wp-json\/wp\/v2\/pages\/4939"}],"collection":[{"href":"https:\/\/peoplesphere.be\/fr\/wp-json\/wp\/v2\/pages"}],"about":[{"href":"https:\/\/peoplesphere.be\/fr\/wp-json\/wp\/v2\/types\/page"}],"author":[{"embeddable":true,"href":"https:\/\/peoplesphere.be\/fr\/wp-json\/wp\/v2\/users\/1"}],"replies":[{"embeddable":true,"href":"https:\/\/peoplesphere.be\/fr\/wp-json\/wp\/v2\/comments?post=4939"}],"version-history":[{"count":3,"href":"https:\/\/peoplesphere.be\/fr\/wp-json\/wp\/v2\/pages\/4939\/revisions"}],"predecessor-version":[{"id":6055,"href":"https:\/\/peoplesphere.be\/fr\/wp-json\/wp\/v2\/pages\/4939\/revisions\/6055"}],"wp:attachment":[{"href":"https:\/\/peoplesphere.be\/fr\/wp-json\/wp\/v2\/media?parent=4939"}],"curies":[{"name":"wp","href":"https:\/\/api.w.org\/{rel}","templated":true}]}}