









{"id":60,"date":"2014-09-02T11:42:55","date_gmt":"2014-09-02T09:42:55","guid":{"rendered":"http:\/\/www.peoplesphere.be\/wp\/?page_id=60"},"modified":"2019-05-16T10:05:42","modified_gmt":"2019-05-16T08:05:42","slug":"hr-manager-of-the-year","status":"publish","type":"page","link":"https:\/\/peoplesphere.be\/fr\/hr-manager-of-the-year\/","title":{"rendered":"HR Manager of the Year\u00a9"},"content":{"rendered":"<h1>Le plus prestigieux Award remis chaque ann\u00e9e, depuis 1990, \u00e0 l\u2019occasion de la HRM Night&#8230;<br \/>\nLe HR Manager of the Year\u00a9 joue un r\u00f4le majeur au sein de la communaut\u00e9 des People Managers en Belgique. Il\/elle a pour vocation de promouvoir le partage des meilleures pratiques RH au sein de nos entreprises et d\u2019inspirer ses pairs et autres membres des comit\u00e9s de direction en vue de soutenir une approche positive et innovante du People Management.<!--more--><\/h1>\n<p>Le jury compos\u00e9 des laur\u00e9ats des ann\u00e9es pr\u00e9c\u00e9dentes &#8211; soutenu dans ses d\u00e9lib\u00e9rations par nos \u00e9quipes \u00e9ditoriales &#8211; s\u00e9lectionne et \u00e9value les meilleurs dossiers avant de les proposer au vote des communaut\u00e9s professionnelles. C\u2019est la combinaison du ranking \u00e9tabli par le jury et du vote public qui permet d\u2019attribuer chaque ann\u00e9e le HR Manager of the Year\u00a9 award.<\/p>\n<p>En 2019, Arnaud Delmarche (Groupe Wanty), a \u00e9t\u00e9 d\u00e9sign\u00e9 HR Manager of the Year\u00a9 \u00e0 l&rsquo;occasion de la 30e \u00e9dition de la HRM Night\u00a9 qui s\u2019est tenue le 4 avril dernier \u00e0 Bruxelles.<br \/>\nCe prix vient r\u00e9compenser les diff\u00e9rentes initiatives RH qui soutiennent la croissance importante de l\u2019entreprise, en particulier \u00e0 l\u2019international. Elles ont pour sp\u00e9cificit\u00e9 d\u2019avoir \u00e9t\u00e9 d\u00e9velopp\u00e9es enti\u00e8rement \u00ab sur mesure \u00bb, en veillant \u00e0 leur parfaite ad\u00e9quation \u00e0 l\u2019entreprise, \u00e0 ses valeurs et \u00e0 ses besoins.<\/p>\n<p><img decoding=\"async\" src=\"https:\/\/peoplesphere.be\/img\/photos\/hrm-of-the-year-2019.jpg\" alt=\"HRM Manager of the Year\" \/><\/p>\n<h2>Palmar\u00e8s &#8211; les laur\u00e9ats \u00e0 ce jour<\/h2>\n<p>2019: Arnaud Delmarche (Groupe Wanty)<br \/>\n2018: Philippe BERTIN (Prayon)<br \/>\n2017: Kristian VANDENHOUDT (Atlas Copco)<br \/>\n2016: V\u00e9ronique VOGELEER (Brussels Airport)<br \/>\n2015: Claudia POELS (Telenet)<br \/>\n2014: Jos DESTROOPER (Lotus Bakeries)<br \/>\n2013: Christine CHALTIN (ISS)<br \/>\n2012: Laurence VANHEE (S.P.F S\u00e9curit\u00e9 Sociale)<br \/>\n2011: Anne-Mie VAN DE WIELE (VITO)<br \/>\n2010: Christine THIRAN (Cliniques Universitaires Saint-Luc)<br \/>\n2009: Peter SAMYN (S.P.F. Sant\u00e9 Publique)<br \/>\n2008: Gerd BELLEMANS (Thermote &amp; Vanhalst)<br \/>\n2007: Astrid DE LATHAUWER (Belgacom)<br \/>\n2006: Michel DEBOECK (Fortis)<br \/>\n2005: Marcel VAN AKEN (AGC Glass \u2013 Glaverbel)<br \/>\n2004: Karel BOSMANS (Virgajesse Ziekenhuis, OCMW Hasselt)<br \/>\n2003: L\u00e9on VLIEGEN (Borealis Polymer)<br \/>\n2002: Carine LOMBA (Beiersdorf, Spadel)<br \/>\n2001: Georges ANTHOON (AXA Belgium)<br \/>\n2000: Eric DAENEN (Imec)<br \/>\n1999: Daniel BASTIN (Glaxo SmithKline)<br \/>\n1998: Gilbert VAN LAETHEM (CGER, Fortis)<br \/>\n1997: Hilde BURIE (Sabena, UZ Leuven)<br \/>\n1996: Donald DEFOORT (Barco)<br \/>\n1995: Rony HOEBEKE (Corona Lotus)<br \/>\n1994: Pierre DUMONT (Delhaize-Le-Lion)<br \/>\n1993: Ludo PEETERS (Janssen Pharmaceutica)<br \/>\n1992: Jacques GOLD (Cimenteries CBR)<br \/>\n1991: Luc LUYTEN (UCB, Interbrew, La Poste)<br \/>\n1990: Raymond SELIS (Raychem et Laboratoire d&rsquo;Entreprises)<\/p>\n<p>Depuis 2008, d\u2019autres Awards ont \u00e9t\u00e9 cr\u00e9\u00e9s dans le cadre de la HRM Night. Ceux-ci visent, entre autres, \u00e0 r\u00e9compenser les meilleurs initiatives d\u00e9velopp\u00e9es par les \u00e9quipes RH, \u00e0 distinguer les jeunes talents qui \u00e9mergent dans nos entreprises, ou encore \u00e0 reconna\u00eetre les contributions exceptionnelles de professionnels qui ont accompli l\u2019essentiel de leur carri\u00e8re dans le domaine du People Management.<br \/>\nPour en savoir plus sur les laur\u00e9ats et sur la prochaine \u00e9dition de la HRM Night, rendez-vous sur le site web de l&rsquo;\u00e9v\u00e8nement!<\/p>\n<p><a class=\"more-link\" href=\"http:\/\/www.hrmnight.be\/\" target=\"_blank\">www.hrmnight.be<\/a><\/p>\n","protected":false},"excerpt":{"rendered":"<p>Le plus prestigieux Award remis chaque ann\u00e9e, depuis 1990, \u00e0 l\u2019occasion de la HRM Night&#8230; Le HR Manager of the Year\u00a9 joue un r\u00f4le majeur au sein de la communaut\u00e9 des People Managers en Belgique. Il\/elle a pour vocation de [&hellip;]<\/p>\n","protected":false},"author":1,"featured_media":0,"parent":0,"menu_order":0,"comment_status":"closed","ping_status":"open","template":"","meta":[],"yoast_head":"<!-- This site is optimized with the Yoast SEO plugin v21.0 - https:\/\/yoast.com\/wordpress\/plugins\/seo\/ -->\n<title>HR Manager of the Year\u00a9 - Peoplesphere<\/title>\n<meta name=\"robots\" content=\"index, follow, max-snippet:-1, max-image-preview:large, max-video-preview:-1\" \/>\n<link rel=\"canonical\" href=\"https:\/\/peoplesphere.be\/fr\/hr-manager-of-the-year\/\" \/>\n<meta property=\"og:locale\" content=\"fr_FR\" \/>\n<meta property=\"og:type\" content=\"article\" \/>\n<meta property=\"og:title\" content=\"HR Manager of the Year\u00a9 - Peoplesphere\" \/>\n<meta property=\"og:description\" content=\"Le plus prestigieux Award remis chaque ann\u00e9e, depuis 1990, \u00e0 l\u2019occasion de la HRM Night&#8230; Le HR Manager of the Year\u00a9 joue un r\u00f4le majeur au sein de la communaut\u00e9 des People Managers en Belgique. Il\/elle a pour vocation de [&hellip;]\" \/>\n<meta property=\"og:url\" content=\"https:\/\/peoplesphere.be\/fr\/hr-manager-of-the-year\/\" \/>\n<meta property=\"og:site_name\" content=\"Peoplesphere\" \/>\n<meta property=\"article:publisher\" content=\"https:\/\/www.facebook.com\/peoplesphere\" \/>\n<meta property=\"article:modified_time\" content=\"2019-05-16T08:05:42+00:00\" \/>\n<meta property=\"og:image\" content=\"https:\/\/peoplesphere.be\/img\/photos\/hrm-of-the-year-2019.jpg\" \/>\n<meta name=\"twitter:card\" content=\"summary_large_image\" \/>\n<meta name=\"twitter:site\" content=\"@PeoplesphereMag\" \/>\n<meta name=\"twitter:label1\" content=\"Dur\u00e9e de lecture estim\u00e9e\" \/>\n\t<meta name=\"twitter:data1\" content=\"2 minutes\" \/>\n<script type=\"application\/ld+json\" class=\"yoast-schema-graph\">{\"@context\":\"https:\/\/schema.org\",\"@graph\":[{\"@type\":\"WebPage\",\"@id\":\"https:\/\/peoplesphere.be\/fr\/hr-manager-of-the-year\/\",\"url\":\"https:\/\/peoplesphere.be\/fr\/hr-manager-of-the-year\/\",\"name\":\"HR Manager of the Year\u00a9 - Peoplesphere\",\"isPartOf\":{\"@id\":\"https:\/\/peoplesphere.be\/fr\/#website\"},\"datePublished\":\"2014-09-02T09:42:55+00:00\",\"dateModified\":\"2019-05-16T08:05:42+00:00\",\"breadcrumb\":{\"@id\":\"https:\/\/peoplesphere.be\/fr\/hr-manager-of-the-year\/#breadcrumb\"},\"inLanguage\":\"fr-FR\",\"potentialAction\":[{\"@type\":\"ReadAction\",\"target\":[\"https:\/\/peoplesphere.be\/fr\/hr-manager-of-the-year\/\"]}]},{\"@type\":\"BreadcrumbList\",\"@id\":\"https:\/\/peoplesphere.be\/fr\/hr-manager-of-the-year\/#breadcrumb\",\"itemListElement\":[{\"@type\":\"ListItem\",\"position\":1,\"name\":\"Accueil\",\"item\":\"https:\/\/peoplesphere.be\/fr\/\"},{\"@type\":\"ListItem\",\"position\":2,\"name\":\"HR Manager of the Year\u00a9\"}]},{\"@type\":\"WebSite\",\"@id\":\"https:\/\/peoplesphere.be\/fr\/#website\",\"url\":\"https:\/\/peoplesphere.be\/fr\/\",\"name\":\"Peoplesphere\",\"description\":\"The People Managers Magazine\",\"publisher\":{\"@id\":\"https:\/\/peoplesphere.be\/fr\/#organization\"},\"potentialAction\":[{\"@type\":\"SearchAction\",\"target\":{\"@type\":\"EntryPoint\",\"urlTemplate\":\"https:\/\/peoplesphere.be\/fr\/?s={search_term_string}\"},\"query-input\":\"required name=search_term_string\"}],\"inLanguage\":\"fr-FR\"},{\"@type\":\"Organization\",\"@id\":\"https:\/\/peoplesphere.be\/fr\/#organization\",\"name\":\"Peoplesphere Company srl\",\"url\":\"https:\/\/peoplesphere.be\/fr\/\",\"logo\":{\"@type\":\"ImageObject\",\"inLanguage\":\"fr-FR\",\"@id\":\"https:\/\/peoplesphere.be\/fr\/#\/schema\/logo\/image\/\",\"url\":\"https:\/\/peoplesphere.be\/fr\/wp-content\/uploads\/2023\/07\/peoplesphere-lgo-new-generik.jpg\",\"contentUrl\":\"https:\/\/peoplesphere.be\/fr\/wp-content\/uploads\/2023\/07\/peoplesphere-lgo-new-generik.jpg\",\"width\":1031,\"height\":1479,\"caption\":\"Peoplesphere Company srl\"},\"image\":{\"@id\":\"https:\/\/peoplesphere.be\/fr\/#\/schema\/logo\/image\/\"},\"sameAs\":[\"https:\/\/www.facebook.com\/peoplesphere\",\"https:\/\/twitter.com\/PeoplesphereMag\",\"https:\/\/www.linkedin.com\/company\/7587361?trk\",\"http:\/\/youtube.com\/peoplesphere\"]}]}<\/script>\n<!-- \/ Yoast SEO plugin. -->","yoast_head_json":{"title":"HR Manager of the Year\u00a9 - Peoplesphere","robots":{"index":"index","follow":"follow","max-snippet":"max-snippet:-1","max-image-preview":"max-image-preview:large","max-video-preview":"max-video-preview:-1"},"canonical":"https:\/\/peoplesphere.be\/fr\/hr-manager-of-the-year\/","og_locale":"fr_FR","og_type":"article","og_title":"HR Manager of the Year\u00a9 - Peoplesphere","og_description":"Le plus prestigieux Award remis chaque ann\u00e9e, depuis 1990, \u00e0 l\u2019occasion de la HRM Night&#8230; Le HR Manager of the Year\u00a9 joue un r\u00f4le majeur au sein de la communaut\u00e9 des People Managers en Belgique. Il\/elle a pour vocation de [&hellip;]","og_url":"https:\/\/peoplesphere.be\/fr\/hr-manager-of-the-year\/","og_site_name":"Peoplesphere","article_publisher":"https:\/\/www.facebook.com\/peoplesphere","article_modified_time":"2019-05-16T08:05:42+00:00","og_image":[{"url":"https:\/\/peoplesphere.be\/img\/photos\/hrm-of-the-year-2019.jpg"}],"twitter_card":"summary_large_image","twitter_site":"@PeoplesphereMag","twitter_misc":{"Dur\u00e9e de lecture estim\u00e9e":"2 minutes"},"schema":{"@context":"https:\/\/schema.org","@graph":[{"@type":"WebPage","@id":"https:\/\/peoplesphere.be\/fr\/hr-manager-of-the-year\/","url":"https:\/\/peoplesphere.be\/fr\/hr-manager-of-the-year\/","name":"HR Manager of the Year\u00a9 - Peoplesphere","isPartOf":{"@id":"https:\/\/peoplesphere.be\/fr\/#website"},"datePublished":"2014-09-02T09:42:55+00:00","dateModified":"2019-05-16T08:05:42+00:00","breadcrumb":{"@id":"https:\/\/peoplesphere.be\/fr\/hr-manager-of-the-year\/#breadcrumb"},"inLanguage":"fr-FR","potentialAction":[{"@type":"ReadAction","target":["https:\/\/peoplesphere.be\/fr\/hr-manager-of-the-year\/"]}]},{"@type":"BreadcrumbList","@id":"https:\/\/peoplesphere.be\/fr\/hr-manager-of-the-year\/#breadcrumb","itemListElement":[{"@type":"ListItem","position":1,"name":"Accueil","item":"https:\/\/peoplesphere.be\/fr\/"},{"@type":"ListItem","position":2,"name":"HR Manager of the Year\u00a9"}]},{"@type":"WebSite","@id":"https:\/\/peoplesphere.be\/fr\/#website","url":"https:\/\/peoplesphere.be\/fr\/","name":"Peoplesphere","description":"The People Managers Magazine","publisher":{"@id":"https:\/\/peoplesphere.be\/fr\/#organization"},"potentialAction":[{"@type":"SearchAction","target":{"@type":"EntryPoint","urlTemplate":"https:\/\/peoplesphere.be\/fr\/?s={search_term_string}"},"query-input":"required name=search_term_string"}],"inLanguage":"fr-FR"},{"@type":"Organization","@id":"https:\/\/peoplesphere.be\/fr\/#organization","name":"Peoplesphere Company srl","url":"https:\/\/peoplesphere.be\/fr\/","logo":{"@type":"ImageObject","inLanguage":"fr-FR","@id":"https:\/\/peoplesphere.be\/fr\/#\/schema\/logo\/image\/","url":"https:\/\/peoplesphere.be\/fr\/wp-content\/uploads\/2023\/07\/peoplesphere-lgo-new-generik.jpg","contentUrl":"https:\/\/peoplesphere.be\/fr\/wp-content\/uploads\/2023\/07\/peoplesphere-lgo-new-generik.jpg","width":1031,"height":1479,"caption":"Peoplesphere Company srl"},"image":{"@id":"https:\/\/peoplesphere.be\/fr\/#\/schema\/logo\/image\/"},"sameAs":["https:\/\/www.facebook.com\/peoplesphere","https:\/\/twitter.com\/PeoplesphereMag","https:\/\/www.linkedin.com\/company\/7587361?trk","http:\/\/youtube.com\/peoplesphere"]}]}},"_links":{"self":[{"href":"https:\/\/peoplesphere.be\/fr\/wp-json\/wp\/v2\/pages\/60"}],"collection":[{"href":"https:\/\/peoplesphere.be\/fr\/wp-json\/wp\/v2\/pages"}],"about":[{"href":"https:\/\/peoplesphere.be\/fr\/wp-json\/wp\/v2\/types\/page"}],"author":[{"embeddable":true,"href":"https:\/\/peoplesphere.be\/fr\/wp-json\/wp\/v2\/users\/1"}],"replies":[{"embeddable":true,"href":"https:\/\/peoplesphere.be\/fr\/wp-json\/wp\/v2\/comments?post=60"}],"version-history":[{"count":24,"href":"https:\/\/peoplesphere.be\/fr\/wp-json\/wp\/v2\/pages\/60\/revisions"}],"predecessor-version":[{"id":7791,"href":"https:\/\/peoplesphere.be\/fr\/wp-json\/wp\/v2\/pages\/60\/revisions\/7791"}],"wp:attachment":[{"href":"https:\/\/peoplesphere.be\/fr\/wp-json\/wp\/v2\/media?parent=60"}],"curies":[{"name":"wp","href":"https:\/\/api.w.org\/{rel}","templated":true}]}}