









{"id":93,"date":"2014-09-02T15:52:35","date_gmt":"2014-09-02T13:52:35","guid":{"rendered":"http:\/\/www.peoplesphere.be\/wp\/?page_id=93"},"modified":"2015-08-05T12:07:51","modified_gmt":"2015-08-05T10:07:51","slug":"hreps","status":"publish","type":"page","link":"https:\/\/peoplesphere.be\/fr\/hreps\/","title":{"rendered":"HR Excellence in Public Sector and beyond&#8230;"},"content":{"rendered":"<p>La fonction RH se r\u00e9invente, y compris dans le secteur public. V\u00e9ritable laboratoire de bonnes pratiques innovantes et inspirantes, le secteur public se positionne comme un acteur incontournable des approches modernes et cr\u00e9atives en mati\u00e8re de gestion et de people management. Sur l&rsquo;agenda 2009 &#8211; 2015: l&rsquo;approche dynamique de la gestion des talents, l&rsquo;\u00e9change et le transferts des success stories, les plateformes collaboratives et le #hrm20, l&rsquo;anticipation des d\u00e9fis \u00e0 venir en mati\u00e8re de d\u00e9veloppement des hommes et des femmes qui composent nos organisations.<\/p>\n<p>mRH et ses partenaires RH privil\u00e9gi\u00e9s, Berenschot et SD worx, coordonnent un r\u00e9seau de hauts fonctionnaires anim\u00e9s par la volont\u00e9 de contribuer \u00e0 la construction d&rsquo;un secteur public moderne, novateur et attractif.<br \/>\nLes r\u00e9flexions et services tr\u00e8s concrets qui y sont d\u00e9velopp\u00e9s rayonnent dans l&rsquo;ensemble du secteur public et au-del\u00e0!<\/p>\n<p><a class=\"more-link\" href=\"https:\/\/peoplesphere.be\/hreps\/\" target=\"_blank\">Visiter le site web<\/a><\/p>\n<hr\/>\n<h2 class=\"title\"> Talent Avenue <\/h2>\n<p>Talent Avenue est une plateforme de mobilit\u00e9 r\u00e9volutionnaire pour les collaborateurs du secteur public belge au sens large: services f\u00e9d\u00e9raux, r\u00e9gionaux, communautaires, communaux et provinciaux, etc.<\/p>\n<p>Talent Avenue permet aux organisations participantes d&rsquo;identifier des talents pour mener des missions\/projets d&rsquo;une dur\u00e9e de 6 \u00e0 18 mois, et de leur proposer de nouveaux challenges adapt\u00e9s \u00e0 leurs comp\u00e9tences.<\/p>\n<p><a class=\"more-link\" href=\"http:\/\/www.talentavenue.be\/\" target=\"_blank\">Site web de Talent Avenue<\/a><\/p>\n","protected":false},"excerpt":{"rendered":"<p>La fonction RH se r\u00e9invente, y compris dans le secteur public. V\u00e9ritable laboratoire de bonnes pratiques innovantes et inspirantes, le secteur public se positionne comme un acteur incontournable des approches modernes et cr\u00e9atives en mati\u00e8re de gestion et de people [&hellip;]<\/p>\n","protected":false},"author":1,"featured_media":0,"parent":0,"menu_order":0,"comment_status":"closed","ping_status":"closed","template":"","meta":[],"yoast_head":"<!-- This site is optimized with the Yoast SEO plugin v21.0 - https:\/\/yoast.com\/wordpress\/plugins\/seo\/ -->\n<title>HR Excellence in Public Sector and beyond... - Peoplesphere<\/title>\n<meta name=\"robots\" content=\"index, follow, max-snippet:-1, max-image-preview:large, max-video-preview:-1\" \/>\n<link rel=\"canonical\" href=\"https:\/\/peoplesphere.be\/fr\/hreps\/\" \/>\n<meta property=\"og:locale\" content=\"fr_FR\" \/>\n<meta property=\"og:type\" content=\"article\" \/>\n<meta property=\"og:title\" content=\"HR Excellence in Public Sector and beyond... - Peoplesphere\" \/>\n<meta property=\"og:description\" content=\"La fonction RH se r\u00e9invente, y compris dans le secteur public. V\u00e9ritable laboratoire de bonnes pratiques innovantes et inspirantes, le secteur public se positionne comme un acteur incontournable des approches modernes et cr\u00e9atives en mati\u00e8re de gestion et de people [&hellip;]\" \/>\n<meta property=\"og:url\" content=\"https:\/\/peoplesphere.be\/fr\/hreps\/\" \/>\n<meta property=\"og:site_name\" content=\"Peoplesphere\" \/>\n<meta property=\"article:publisher\" content=\"https:\/\/www.facebook.com\/peoplesphere\" \/>\n<meta property=\"article:modified_time\" content=\"2015-08-05T10:07:51+00:00\" \/>\n<meta property=\"og:image\" content=\"http:\/\/www.peoplesphere.be\/fr\/wp-content\/uploads\/2016\/07\/facebook-default-posting-1200x628px.jpg\" \/>\n<meta name=\"twitter:card\" content=\"summary_large_image\" \/>\n<meta name=\"twitter:site\" content=\"@PeoplesphereMag\" \/>\n<meta name=\"twitter:label1\" content=\"Dur\u00e9e de lecture estim\u00e9e\" \/>\n\t<meta name=\"twitter:data1\" content=\"1 minute\" \/>\n<script type=\"application\/ld+json\" class=\"yoast-schema-graph\">{\"@context\":\"https:\/\/schema.org\",\"@graph\":[{\"@type\":\"WebPage\",\"@id\":\"https:\/\/peoplesphere.be\/fr\/hreps\/\",\"url\":\"https:\/\/peoplesphere.be\/fr\/hreps\/\",\"name\":\"HR Excellence in Public Sector and beyond... - Peoplesphere\",\"isPartOf\":{\"@id\":\"https:\/\/peoplesphere.be\/fr\/#website\"},\"datePublished\":\"2014-09-02T13:52:35+00:00\",\"dateModified\":\"2015-08-05T10:07:51+00:00\",\"breadcrumb\":{\"@id\":\"https:\/\/peoplesphere.be\/fr\/hreps\/#breadcrumb\"},\"inLanguage\":\"fr-FR\",\"potentialAction\":[{\"@type\":\"ReadAction\",\"target\":[\"https:\/\/peoplesphere.be\/fr\/hreps\/\"]}]},{\"@type\":\"BreadcrumbList\",\"@id\":\"https:\/\/peoplesphere.be\/fr\/hreps\/#breadcrumb\",\"itemListElement\":[{\"@type\":\"ListItem\",\"position\":1,\"name\":\"Accueil\",\"item\":\"https:\/\/peoplesphere.be\/fr\/\"},{\"@type\":\"ListItem\",\"position\":2,\"name\":\"HR Excellence in Public Sector and beyond&#8230;\"}]},{\"@type\":\"WebSite\",\"@id\":\"https:\/\/peoplesphere.be\/fr\/#website\",\"url\":\"https:\/\/peoplesphere.be\/fr\/\",\"name\":\"Peoplesphere\",\"description\":\"The People Managers Magazine\",\"publisher\":{\"@id\":\"https:\/\/peoplesphere.be\/fr\/#organization\"},\"potentialAction\":[{\"@type\":\"SearchAction\",\"target\":{\"@type\":\"EntryPoint\",\"urlTemplate\":\"https:\/\/peoplesphere.be\/fr\/?s={search_term_string}\"},\"query-input\":\"required name=search_term_string\"}],\"inLanguage\":\"fr-FR\"},{\"@type\":\"Organization\",\"@id\":\"https:\/\/peoplesphere.be\/fr\/#organization\",\"name\":\"Peoplesphere Company srl\",\"url\":\"https:\/\/peoplesphere.be\/fr\/\",\"logo\":{\"@type\":\"ImageObject\",\"inLanguage\":\"fr-FR\",\"@id\":\"https:\/\/peoplesphere.be\/fr\/#\/schema\/logo\/image\/\",\"url\":\"https:\/\/peoplesphere.be\/fr\/wp-content\/uploads\/2023\/07\/peoplesphere-lgo-new-generik.jpg\",\"contentUrl\":\"https:\/\/peoplesphere.be\/fr\/wp-content\/uploads\/2023\/07\/peoplesphere-lgo-new-generik.jpg\",\"width\":1031,\"height\":1479,\"caption\":\"Peoplesphere Company srl\"},\"image\":{\"@id\":\"https:\/\/peoplesphere.be\/fr\/#\/schema\/logo\/image\/\"},\"sameAs\":[\"https:\/\/www.facebook.com\/peoplesphere\",\"https:\/\/twitter.com\/PeoplesphereMag\",\"https:\/\/www.linkedin.com\/company\/7587361?trk\",\"http:\/\/youtube.com\/peoplesphere\"]}]}<\/script>\n<!-- \/ Yoast SEO plugin. -->","yoast_head_json":{"title":"HR Excellence in Public Sector and beyond... - Peoplesphere","robots":{"index":"index","follow":"follow","max-snippet":"max-snippet:-1","max-image-preview":"max-image-preview:large","max-video-preview":"max-video-preview:-1"},"canonical":"https:\/\/peoplesphere.be\/fr\/hreps\/","og_locale":"fr_FR","og_type":"article","og_title":"HR Excellence in Public Sector and beyond... - Peoplesphere","og_description":"La fonction RH se r\u00e9invente, y compris dans le secteur public. V\u00e9ritable laboratoire de bonnes pratiques innovantes et inspirantes, le secteur public se positionne comme un acteur incontournable des approches modernes et cr\u00e9atives en mati\u00e8re de gestion et de people [&hellip;]","og_url":"https:\/\/peoplesphere.be\/fr\/hreps\/","og_site_name":"Peoplesphere","article_publisher":"https:\/\/www.facebook.com\/peoplesphere","article_modified_time":"2015-08-05T10:07:51+00:00","og_image":[{"url":"http:\/\/www.peoplesphere.be\/fr\/wp-content\/uploads\/2016\/07\/facebook-default-posting-1200x628px.jpg"}],"twitter_card":"summary_large_image","twitter_site":"@PeoplesphereMag","twitter_misc":{"Dur\u00e9e de lecture estim\u00e9e":"1 minute"},"schema":{"@context":"https:\/\/schema.org","@graph":[{"@type":"WebPage","@id":"https:\/\/peoplesphere.be\/fr\/hreps\/","url":"https:\/\/peoplesphere.be\/fr\/hreps\/","name":"HR Excellence in Public Sector and beyond... - Peoplesphere","isPartOf":{"@id":"https:\/\/peoplesphere.be\/fr\/#website"},"datePublished":"2014-09-02T13:52:35+00:00","dateModified":"2015-08-05T10:07:51+00:00","breadcrumb":{"@id":"https:\/\/peoplesphere.be\/fr\/hreps\/#breadcrumb"},"inLanguage":"fr-FR","potentialAction":[{"@type":"ReadAction","target":["https:\/\/peoplesphere.be\/fr\/hreps\/"]}]},{"@type":"BreadcrumbList","@id":"https:\/\/peoplesphere.be\/fr\/hreps\/#breadcrumb","itemListElement":[{"@type":"ListItem","position":1,"name":"Accueil","item":"https:\/\/peoplesphere.be\/fr\/"},{"@type":"ListItem","position":2,"name":"HR Excellence in Public Sector and beyond&#8230;"}]},{"@type":"WebSite","@id":"https:\/\/peoplesphere.be\/fr\/#website","url":"https:\/\/peoplesphere.be\/fr\/","name":"Peoplesphere","description":"The People Managers Magazine","publisher":{"@id":"https:\/\/peoplesphere.be\/fr\/#organization"},"potentialAction":[{"@type":"SearchAction","target":{"@type":"EntryPoint","urlTemplate":"https:\/\/peoplesphere.be\/fr\/?s={search_term_string}"},"query-input":"required name=search_term_string"}],"inLanguage":"fr-FR"},{"@type":"Organization","@id":"https:\/\/peoplesphere.be\/fr\/#organization","name":"Peoplesphere Company srl","url":"https:\/\/peoplesphere.be\/fr\/","logo":{"@type":"ImageObject","inLanguage":"fr-FR","@id":"https:\/\/peoplesphere.be\/fr\/#\/schema\/logo\/image\/","url":"https:\/\/peoplesphere.be\/fr\/wp-content\/uploads\/2023\/07\/peoplesphere-lgo-new-generik.jpg","contentUrl":"https:\/\/peoplesphere.be\/fr\/wp-content\/uploads\/2023\/07\/peoplesphere-lgo-new-generik.jpg","width":1031,"height":1479,"caption":"Peoplesphere Company srl"},"image":{"@id":"https:\/\/peoplesphere.be\/fr\/#\/schema\/logo\/image\/"},"sameAs":["https:\/\/www.facebook.com\/peoplesphere","https:\/\/twitter.com\/PeoplesphereMag","https:\/\/www.linkedin.com\/company\/7587361?trk","http:\/\/youtube.com\/peoplesphere"]}]}},"_links":{"self":[{"href":"https:\/\/peoplesphere.be\/fr\/wp-json\/wp\/v2\/pages\/93"}],"collection":[{"href":"https:\/\/peoplesphere.be\/fr\/wp-json\/wp\/v2\/pages"}],"about":[{"href":"https:\/\/peoplesphere.be\/fr\/wp-json\/wp\/v2\/types\/page"}],"author":[{"embeddable":true,"href":"https:\/\/peoplesphere.be\/fr\/wp-json\/wp\/v2\/users\/1"}],"replies":[{"embeddable":true,"href":"https:\/\/peoplesphere.be\/fr\/wp-json\/wp\/v2\/comments?post=93"}],"version-history":[{"count":6,"href":"https:\/\/peoplesphere.be\/fr\/wp-json\/wp\/v2\/pages\/93\/revisions"}],"predecessor-version":[{"id":1193,"href":"https:\/\/peoplesphere.be\/fr\/wp-json\/wp\/v2\/pages\/93\/revisions\/1193"}],"wp:attachment":[{"href":"https:\/\/peoplesphere.be\/fr\/wp-json\/wp\/v2\/media?parent=93"}],"curies":[{"name":"wp","href":"https:\/\/api.w.org\/{rel}","templated":true}]}}