









{"id":97,"date":"2014-09-02T15:58:31","date_gmt":"2014-09-02T13:58:31","guid":{"rendered":"http:\/\/www.peoplesphere.be\/wp\/?page_id=97"},"modified":"2015-08-05T12:08:31","modified_gmt":"2015-08-05T10:08:31","slug":"creativepeoplemgt","status":"publish","type":"page","link":"https:\/\/peoplesphere.be\/fr\/creativepeoplemgt\/","title":{"rendered":"Creative People Management in my Company"},"content":{"rendered":"<p>Peoplesphere, avec le soutien de ses partenaires, identifie pour vous les pistes qui vous permettront d&rsquo;adopter une approche diff\u00e9rente en mati\u00e8re de People Management.<!--more--><\/p>\n<p><strong>OUI<\/strong>, il est possible aujourd&rsquo;hui d&rsquo;\u00eatre tr\u00e8s cr\u00e9atif dans la gestion de vos collaborateurs!<br \/>\n<strong>OUI<\/strong>, il existe des solutions adapt\u00e9es \u00e0 toutes les tailles d&rsquo;entreprises et \u00e0 tous les secteurs!<br \/>\n<strong>OUI<\/strong>, ces solutions g\u00e9n\u00e8rent de la performance durable et de la croissance!<\/p>\n<p>Le cycle Creative People Management in My Company, concr\u00e8tement se composera de 6 s\u00e9minaires organis\u00e9s de septembre \u00e0 d\u00e9cembre en r\u00e9gion. Cette nouvelle initiative destin\u00e9e aux CEO, responsables RH et administratifs des entreprises actives sur l&rsquo;ensemble du territoire.<\/p>\n<p>Peoplesphere et l&rsquo;ensemble de ses partenaires ont d\u00e9cid\u00e9 d&rsquo;aller \u00e0 la rencontre des entreprises implant\u00e9es en r\u00e9gion en vue de partager des sources d&rsquo;inspiration leur permettant d&rsquo;\u00eatre cr\u00e9atives en mati\u00e8re de People Management.<br \/>\nNous allons couvrir, avec nos partenaires, les th\u00e8mes qui permettent aujourd&rsquo;hui de faire une diff\u00e9rence sur le plan de la performance durable gr\u00e2ce \u00e0 une approche up to date en mati\u00e8re de People Management.<\/p>\n<p><a class=\"more-link\" href=\"https:\/\/peoplesphere.be\/creativepeoplemgt\/\" target=\"_blank\">Site web de Creative People Management in my Company<\/a><\/p>\n","protected":false},"excerpt":{"rendered":"<p>Peoplesphere, avec le soutien de ses partenaires, identifie pour vous les pistes qui vous permettront d&rsquo;adopter une approche diff\u00e9rente en mati\u00e8re de People Management.<\/p>\n","protected":false},"author":1,"featured_media":0,"parent":0,"menu_order":0,"comment_status":"closed","ping_status":"closed","template":"","meta":[],"yoast_head":"<!-- This site is optimized with the Yoast SEO plugin v21.0 - https:\/\/yoast.com\/wordpress\/plugins\/seo\/ -->\n<title>Creative People Management in my Company - Peoplesphere<\/title>\n<meta name=\"robots\" content=\"index, follow, max-snippet:-1, max-image-preview:large, max-video-preview:-1\" \/>\n<link rel=\"canonical\" href=\"https:\/\/peoplesphere.be\/fr\/creativepeoplemgt\/\" \/>\n<meta property=\"og:locale\" content=\"fr_FR\" \/>\n<meta property=\"og:type\" content=\"article\" \/>\n<meta property=\"og:title\" content=\"Creative People Management in my Company - Peoplesphere\" \/>\n<meta property=\"og:description\" content=\"Peoplesphere, avec le soutien de ses partenaires, identifie pour vous les pistes qui vous permettront d&rsquo;adopter une approche diff\u00e9rente en mati\u00e8re de People Management.\" \/>\n<meta property=\"og:url\" content=\"https:\/\/peoplesphere.be\/fr\/creativepeoplemgt\/\" \/>\n<meta property=\"og:site_name\" content=\"Peoplesphere\" \/>\n<meta property=\"article:publisher\" content=\"https:\/\/www.facebook.com\/peoplesphere\" \/>\n<meta property=\"article:modified_time\" content=\"2015-08-05T10:08:31+00:00\" \/>\n<meta property=\"og:image\" content=\"http:\/\/www.peoplesphere.be\/fr\/wp-content\/uploads\/2016\/07\/facebook-default-posting-1200x628px.jpg\" \/>\n<meta name=\"twitter:card\" content=\"summary_large_image\" \/>\n<meta name=\"twitter:site\" content=\"@PeoplesphereMag\" \/>\n<meta name=\"twitter:label1\" content=\"Dur\u00e9e de lecture estim\u00e9e\" \/>\n\t<meta name=\"twitter:data1\" content=\"1 minute\" \/>\n<script type=\"application\/ld+json\" class=\"yoast-schema-graph\">{\"@context\":\"https:\/\/schema.org\",\"@graph\":[{\"@type\":\"WebPage\",\"@id\":\"https:\/\/peoplesphere.be\/fr\/creativepeoplemgt\/\",\"url\":\"https:\/\/peoplesphere.be\/fr\/creativepeoplemgt\/\",\"name\":\"Creative People Management in my Company - Peoplesphere\",\"isPartOf\":{\"@id\":\"https:\/\/peoplesphere.be\/fr\/#website\"},\"datePublished\":\"2014-09-02T13:58:31+00:00\",\"dateModified\":\"2015-08-05T10:08:31+00:00\",\"breadcrumb\":{\"@id\":\"https:\/\/peoplesphere.be\/fr\/creativepeoplemgt\/#breadcrumb\"},\"inLanguage\":\"fr-FR\",\"potentialAction\":[{\"@type\":\"ReadAction\",\"target\":[\"https:\/\/peoplesphere.be\/fr\/creativepeoplemgt\/\"]}]},{\"@type\":\"BreadcrumbList\",\"@id\":\"https:\/\/peoplesphere.be\/fr\/creativepeoplemgt\/#breadcrumb\",\"itemListElement\":[{\"@type\":\"ListItem\",\"position\":1,\"name\":\"Accueil\",\"item\":\"https:\/\/peoplesphere.be\/fr\/\"},{\"@type\":\"ListItem\",\"position\":2,\"name\":\"Creative People Management in my Company\"}]},{\"@type\":\"WebSite\",\"@id\":\"https:\/\/peoplesphere.be\/fr\/#website\",\"url\":\"https:\/\/peoplesphere.be\/fr\/\",\"name\":\"Peoplesphere\",\"description\":\"The People Managers Magazine\",\"publisher\":{\"@id\":\"https:\/\/peoplesphere.be\/fr\/#organization\"},\"potentialAction\":[{\"@type\":\"SearchAction\",\"target\":{\"@type\":\"EntryPoint\",\"urlTemplate\":\"https:\/\/peoplesphere.be\/fr\/?s={search_term_string}\"},\"query-input\":\"required name=search_term_string\"}],\"inLanguage\":\"fr-FR\"},{\"@type\":\"Organization\",\"@id\":\"https:\/\/peoplesphere.be\/fr\/#organization\",\"name\":\"Peoplesphere Company srl\",\"url\":\"https:\/\/peoplesphere.be\/fr\/\",\"logo\":{\"@type\":\"ImageObject\",\"inLanguage\":\"fr-FR\",\"@id\":\"https:\/\/peoplesphere.be\/fr\/#\/schema\/logo\/image\/\",\"url\":\"https:\/\/peoplesphere.be\/fr\/wp-content\/uploads\/2023\/07\/peoplesphere-lgo-new-generik.jpg\",\"contentUrl\":\"https:\/\/peoplesphere.be\/fr\/wp-content\/uploads\/2023\/07\/peoplesphere-lgo-new-generik.jpg\",\"width\":1031,\"height\":1479,\"caption\":\"Peoplesphere Company srl\"},\"image\":{\"@id\":\"https:\/\/peoplesphere.be\/fr\/#\/schema\/logo\/image\/\"},\"sameAs\":[\"https:\/\/www.facebook.com\/peoplesphere\",\"https:\/\/twitter.com\/PeoplesphereMag\",\"https:\/\/www.linkedin.com\/company\/7587361?trk\",\"http:\/\/youtube.com\/peoplesphere\"]}]}<\/script>\n<!-- \/ Yoast SEO plugin. -->","yoast_head_json":{"title":"Creative People Management in my Company - Peoplesphere","robots":{"index":"index","follow":"follow","max-snippet":"max-snippet:-1","max-image-preview":"max-image-preview:large","max-video-preview":"max-video-preview:-1"},"canonical":"https:\/\/peoplesphere.be\/fr\/creativepeoplemgt\/","og_locale":"fr_FR","og_type":"article","og_title":"Creative People Management in my Company - Peoplesphere","og_description":"Peoplesphere, avec le soutien de ses partenaires, identifie pour vous les pistes qui vous permettront d&rsquo;adopter une approche diff\u00e9rente en mati\u00e8re de People Management.","og_url":"https:\/\/peoplesphere.be\/fr\/creativepeoplemgt\/","og_site_name":"Peoplesphere","article_publisher":"https:\/\/www.facebook.com\/peoplesphere","article_modified_time":"2015-08-05T10:08:31+00:00","og_image":[{"url":"http:\/\/www.peoplesphere.be\/fr\/wp-content\/uploads\/2016\/07\/facebook-default-posting-1200x628px.jpg"}],"twitter_card":"summary_large_image","twitter_site":"@PeoplesphereMag","twitter_misc":{"Dur\u00e9e de lecture estim\u00e9e":"1 minute"},"schema":{"@context":"https:\/\/schema.org","@graph":[{"@type":"WebPage","@id":"https:\/\/peoplesphere.be\/fr\/creativepeoplemgt\/","url":"https:\/\/peoplesphere.be\/fr\/creativepeoplemgt\/","name":"Creative People Management in my Company - Peoplesphere","isPartOf":{"@id":"https:\/\/peoplesphere.be\/fr\/#website"},"datePublished":"2014-09-02T13:58:31+00:00","dateModified":"2015-08-05T10:08:31+00:00","breadcrumb":{"@id":"https:\/\/peoplesphere.be\/fr\/creativepeoplemgt\/#breadcrumb"},"inLanguage":"fr-FR","potentialAction":[{"@type":"ReadAction","target":["https:\/\/peoplesphere.be\/fr\/creativepeoplemgt\/"]}]},{"@type":"BreadcrumbList","@id":"https:\/\/peoplesphere.be\/fr\/creativepeoplemgt\/#breadcrumb","itemListElement":[{"@type":"ListItem","position":1,"name":"Accueil","item":"https:\/\/peoplesphere.be\/fr\/"},{"@type":"ListItem","position":2,"name":"Creative People Management in my Company"}]},{"@type":"WebSite","@id":"https:\/\/peoplesphere.be\/fr\/#website","url":"https:\/\/peoplesphere.be\/fr\/","name":"Peoplesphere","description":"The People Managers Magazine","publisher":{"@id":"https:\/\/peoplesphere.be\/fr\/#organization"},"potentialAction":[{"@type":"SearchAction","target":{"@type":"EntryPoint","urlTemplate":"https:\/\/peoplesphere.be\/fr\/?s={search_term_string}"},"query-input":"required name=search_term_string"}],"inLanguage":"fr-FR"},{"@type":"Organization","@id":"https:\/\/peoplesphere.be\/fr\/#organization","name":"Peoplesphere Company srl","url":"https:\/\/peoplesphere.be\/fr\/","logo":{"@type":"ImageObject","inLanguage":"fr-FR","@id":"https:\/\/peoplesphere.be\/fr\/#\/schema\/logo\/image\/","url":"https:\/\/peoplesphere.be\/fr\/wp-content\/uploads\/2023\/07\/peoplesphere-lgo-new-generik.jpg","contentUrl":"https:\/\/peoplesphere.be\/fr\/wp-content\/uploads\/2023\/07\/peoplesphere-lgo-new-generik.jpg","width":1031,"height":1479,"caption":"Peoplesphere Company srl"},"image":{"@id":"https:\/\/peoplesphere.be\/fr\/#\/schema\/logo\/image\/"},"sameAs":["https:\/\/www.facebook.com\/peoplesphere","https:\/\/twitter.com\/PeoplesphereMag","https:\/\/www.linkedin.com\/company\/7587361?trk","http:\/\/youtube.com\/peoplesphere"]}]}},"_links":{"self":[{"href":"https:\/\/peoplesphere.be\/fr\/wp-json\/wp\/v2\/pages\/97"}],"collection":[{"href":"https:\/\/peoplesphere.be\/fr\/wp-json\/wp\/v2\/pages"}],"about":[{"href":"https:\/\/peoplesphere.be\/fr\/wp-json\/wp\/v2\/types\/page"}],"author":[{"embeddable":true,"href":"https:\/\/peoplesphere.be\/fr\/wp-json\/wp\/v2\/users\/1"}],"replies":[{"embeddable":true,"href":"https:\/\/peoplesphere.be\/fr\/wp-json\/wp\/v2\/comments?post=97"}],"version-history":[{"count":8,"href":"https:\/\/peoplesphere.be\/fr\/wp-json\/wp\/v2\/pages\/97\/revisions"}],"predecessor-version":[{"id":1499,"href":"https:\/\/peoplesphere.be\/fr\/wp-json\/wp\/v2\/pages\/97\/revisions\/1499"}],"wp:attachment":[{"href":"https:\/\/peoplesphere.be\/fr\/wp-json\/wp\/v2\/media?parent=97"}],"curies":[{"name":"wp","href":"https:\/\/api.w.org\/{rel}","templated":true}]}}